{"id":1384,"date":"2025-09-13T00:58:31","date_gmt":"2025-09-13T00:58:31","guid":{"rendered":"https:\/\/lightgoldenrodyellow-viper-261860.hostingersite.com\/?page_id=1384"},"modified":"2026-03-31T15:00:06","modified_gmt":"2026-03-31T15:00:06","slug":"matt-mortazavi-c-arb-sia-p-eng","status":"publish","type":"page","link":"https:\/\/mortazavi-inc.ca\/fr\/our-team\/team-canada\/matt-mortazavi-c-arb-sia-p-eng\/","title":{"rendered":"Matt Mortazavi, C. Arb., SIA, P.Eng."},"content":{"rendered":"<div data-elementor-type=\"wp-page\" data-elementor-id=\"1384\" class=\"elementor elementor-1384\" data-elementor-post-type=\"page\">\n\t\t\t\t<div class=\"elementor-element elementor-element-c44b6ec e-flex e-con-boxed e-con e-parent\" data-id=\"c44b6ec\" data-element_type=\"container\" data-e-type=\"container\">\n\t\t\t\t\t<div class=\"e-con-inner\">\n\t\t<div class=\"elementor-element elementor-element-735acda e-con-full e-flex e-con e-child\" data-id=\"735acda\" data-element_type=\"container\" data-e-type=\"container\">\n\t\t<div class=\"elementor-element elementor-element-d2f06ac e-con-full e-flex e-con e-child\" data-id=\"d2f06ac\" data-element_type=\"container\" data-e-type=\"container\">\n\t\t<div class=\"elementor-element elementor-element-f3bb8aa e-con-full e-flex e-con e-child\" data-id=\"f3bb8aa\" data-element_type=\"container\" data-e-type=\"container\">\n\t\t\t\t<div class=\"elementor-element elementor-element-a014130 elementor-widget elementor-widget-image\" data-id=\"a014130\" data-element_type=\"widget\" data-e-type=\"widget\" data-widget_type=\"image.default\">\n\t\t\t\t<div class=\"elementor-widget-container\">\n\t\t\t\t\t\t\t\t\t\t\t\t\t\t\t<img fetchpriority=\"high\" decoding=\"async\" width=\"381\" height=\"525\" src=\"https:\/\/mortazavi-inc.ca\/wp-content\/uploads\/2025\/09\/Matt_Mortazavi_Photo_B-removebg-preview-1.png\" class=\"attachment-full size-full wp-image-1147\" alt=\"\" srcset=\"https:\/\/mortazavi-inc.ca\/wp-content\/uploads\/2025\/09\/Matt_Mortazavi_Photo_B-removebg-preview-1.png 381w, https:\/\/mortazavi-inc.ca\/wp-content\/uploads\/2025\/09\/Matt_Mortazavi_Photo_B-removebg-preview-1-218x300.png 218w, https:\/\/mortazavi-inc.ca\/wp-content\/uploads\/2025\/09\/Matt_Mortazavi_Photo_B-removebg-preview-1-9x12.png 9w\" sizes=\"(max-width: 381px) 100vw, 381px\" \/>\t\t\t\t\t\t\t\t\t\t\t\t\t\t\t<\/div>\n\t\t\t\t<\/div>\n\t\t\t\t<\/div>\n\t\t<div class=\"elementor-element elementor-element-08b63ab e-con-full e-flex e-con e-child\" data-id=\"08b63ab\" data-element_type=\"container\" data-e-type=\"container\">\n\t\t\t\t<div class=\"elementor-element elementor-element-8e66aa4 elementor-widget elementor-widget-heading\" data-id=\"8e66aa4\" data-element_type=\"widget\" data-e-type=\"widget\" data-widget_type=\"heading.default\">\n\t\t\t\t<div class=\"elementor-widget-container\">\n\t\t\t\t\t<h2 class=\"elementor-heading-title elementor-size-default\">Matt Mortazavi, C. Arb., SIA, P.Eng.<\/h2>\t\t\t\t<\/div>\n\t\t\t\t<\/div>\n\t\t\t\t<div class=\"elementor-element elementor-element-51c6b7a elementor-widget elementor-widget-heading\" data-id=\"51c6b7a\" data-element_type=\"widget\" data-e-type=\"widget\" data-widget_type=\"heading.default\">\n\t\t\t\t<div class=\"elementor-widget-container\">\n\t\t\t\t\t<div class=\"elementor-heading-title elementor-size-default\">Ing\u00e9nieur civil et consultant en soutient aux litiges, Arbitre agr\u00e9\u00e9, Sp\u00e9cialiste en modes alternatifs de r\u00e8glement des diff\u00e9rends<\/div>\t\t\t\t<\/div>\n\t\t\t\t<\/div>\n\t\t\t\t<div class=\"elementor-element elementor-element-91375e9 elementor-widget elementor-widget-heading\" data-id=\"91375e9\" data-element_type=\"widget\" data-e-type=\"widget\" data-widget_type=\"heading.default\">\n\t\t\t\t<div class=\"elementor-widget-container\">\n\t\t\t\t\t<div class=\"elementor-heading-title elementor-size-default\">Fondateur<\/div>\t\t\t\t<\/div>\n\t\t\t\t<\/div>\n\t\t\t\t<div class=\"elementor-element elementor-element-3dca71f elementor-widget elementor-widget-heading\" data-id=\"3dca71f\" data-element_type=\"widget\" data-e-type=\"widget\" data-widget_type=\"heading.default\">\n\t\t\t\t<div class=\"elementor-widget-container\">\n\t\t\t\t\t<h2 class=\"elementor-heading-title elementor-size-default\">Domaines d'expertise<\/h2>\t\t\t\t<\/div>\n\t\t\t\t<\/div>\n\t\t\t\t<div class=\"elementor-element elementor-element-fd79e6a elementor-widget elementor-widget-text-editor\" data-id=\"fd79e6a\" data-element_type=\"widget\" data-e-type=\"widget\" data-widget_type=\"text-editor.default\">\n\t\t\t\t<div class=\"elementor-widget-container\">\n\t\t\t\t\t\t\t\t\t<ul><li>Gestion de projets de construction<\/li><li>Droit de la construction et gestion contractuelle<\/li><li>Assistance contentieuse et conseil d\u2019expert<\/li><li>R\u00e9clamations en construction et conseil en r\u00e8glement des diff\u00e9rends<\/li><li>Interpr\u00e9tation des contrats et avis d\u2019expert (construction)<\/li><li>Pratique des contrats FIDIC, JCT et CCDC<\/li><li>Arbitrage, adjudication et comit\u00e9s de r\u00e8glement des diff\u00e9rends<\/li><li>M\u00e9diation et n\u00e9gociation<\/li><\/ul>\t\t\t\t\t\t\t\t<\/div>\n\t\t\t\t<\/div>\n\t\t\t\t<\/div>\n\t\t\t\t<\/div>\n\t\t\t\t<div class=\"elementor-element elementor-element-5e3aa33 elementor-widget elementor-widget-heading\" data-id=\"5e3aa33\" data-element_type=\"widget\" data-e-type=\"widget\" data-widget_type=\"heading.default\">\n\t\t\t\t<div class=\"elementor-widget-container\">\n\t\t\t\t\t<h2 class=\"elementor-heading-title elementor-size-default\">Biographie<\/h2>\t\t\t\t<\/div>\n\t\t\t\t<\/div>\n\t\t\t\t<div class=\"elementor-element elementor-element-5cd341f elementor-widget elementor-widget-text-editor\" data-id=\"5cd341f\" data-element_type=\"widget\" data-e-type=\"widget\" data-widget_type=\"text-editor.default\">\n\t\t\t\t<div class=\"elementor-widget-container\">\n\t\t\t\t\t\t\t\t\t<p>Matt Mortazavi est ing\u00e9nieur civil et Sp\u00e9cialiste en modes alternatifs de r\u00e8glement des diff\u00e9rends \u00e0 double qualification, avec plus de 35 ans d\u2019exp\u00e9rience dans le secteur de la construction et des infrastructures, ainsi que plus de 13 ans de conseil sp\u00e9cialis\u00e9 en droit de la construction et en r\u00e8glement des diff\u00e9rends. Titulaire de dipl\u00f4mes avanc\u00e9s en ing\u00e9nierie et en droit, dont deux LL.M. obtenus \u00e0 l\u2019Osgoode Hall Law School et \u00e0 l\u2019Universit\u00e9 de Toronto, Matt relie les aspects techniques et juridiques de la construction, offrant aux clients une approche compl\u00e8te et pratique pour relever les d\u00e9fis complexes de d\u00e9veloppement. Sa connaissance approfondie des structures contractuelles, des normes de construction et des profils de risques lui permet de fournir des conseils strat\u00e9giques concrets, orient\u00e9s vers l\u2019ex\u00e9cution, \u00e0 toutes les \u00e9tapes des projets.<\/p><p>Son exp\u00e9rience couvre des projets allant de 50 000 \u00e0 300 millions de dollars, dans les secteurs r\u00e9sidentiel, des infrastructures, du transport ferroviaire et de la d\u00e9fense civile. Son expertise inclut la gestion des risques de construction, les enqu\u00eates techniques, l\u2019analyse des proc\u00e9dures d\u2019approvisionnement, les r\u00e9clamations pour retards ainsi que le r\u00e8glement des diff\u00e9rends. Il a men\u00e9 plus de 80 m\u00e9diations en construction et a conduit plus de 35 arbitrages et adjudications contraignants au cours des derni\u00e8res ann\u00e9es. Parmi ses missions notables figurent son r\u00f4le de directeur de projet pour l\u2019op\u00e9ration de 273 millions de dollars du Comt\u00e9 de Simcoe et sa fonction de consultant en r\u00e9clamations pour le projet de 240 millions de dollars de la Toronto Transit Commission.<\/p><p>Matt est Fellow de plusieurs institutions prestigieuses, notamment le Chartered Institute of Arbitrators (FCIArb), l\u2019Institute of Construction Claims Practitioners (FICCP) et l\u2019Asian Institute of Alternative Dispute Resolution (FAIADR). Il si\u00e8ge au conseil d\u2019administration du Chartered Institute of Arbitrators \u2013 Section Canada et d\u00e9tient le titre honorifique de Freeman of the Worshipful Company of Arbitrators dans la Cit\u00e9 de Londres. En tant qu\u2019Arbitre agr\u00e9\u00e9 et Adjudicateur certifi\u00e9, il est r\u00e9guli\u00e8rement nomm\u00e9 sur des listes de r\u00e8glement des diff\u00e9rends au Canada et \u00e0 l\u2019international, conseillant des clients publics et priv\u00e9s dans le cadre de contrats r\u00e9gis par les normes FIDIC, JCT et CCDC.<\/p><p>Parall\u00e8lement \u00e0 son activit\u00e9 de conseil, Matt demeure engag\u00e9 dans le milieu acad\u00e9mique et institutionnel. Professeur associ\u00e9 depuis 2013, il enseigne le droit de la construction au George Brown College et a \u00e9t\u00e9 invit\u00e9 en 2023 comme expert pan\u00e9liste aux Nations Unies \u00e0 Gen\u00e8ve. Cette combinaison d\u2019expertise juridique, technique et strat\u00e9gique fait de lui une r\u00e9f\u00e9rence en mati\u00e8re de construction complexe et de r\u00e8glement international des diff\u00e9rends.<\/p>\t\t\t\t\t\t\t\t<\/div>\n\t\t\t\t<\/div>\n\t\t\t\t<div class=\"elementor-element elementor-element-19fb223 elementor-widget elementor-widget-heading\" data-id=\"19fb223\" data-element_type=\"widget\" data-e-type=\"widget\" data-widget_type=\"heading.default\">\n\t\t\t\t<div class=\"elementor-widget-container\">\n\t\t\t\t\t<h2 class=\"elementor-heading-title elementor-size-default\">Langues<\/h2>\t\t\t\t<\/div>\n\t\t\t\t<\/div>\n\t\t\t\t<div class=\"elementor-element elementor-element-80f8a78 elementor-widget elementor-widget-text-editor\" data-id=\"80f8a78\" data-element_type=\"widget\" data-e-type=\"widget\" data-widget_type=\"text-editor.default\">\n\t\t\t\t<div class=\"elementor-widget-container\">\n\t\t\t\t\t\t\t\t\t<p>Anglais, Fran\u00e7ais, Espagnol (niveau interm\u00e9diaire)<\/p>\t\t\t\t\t\t\t\t<\/div>\n\t\t\t\t<\/div>\n\t\t\t\t<div class=\"elementor-element elementor-element-47dfbdb elementor-widget elementor-widget-heading\" data-id=\"47dfbdb\" data-element_type=\"widget\" data-e-type=\"widget\" data-widget_type=\"heading.default\">\n\t\t\t\t<div class=\"elementor-widget-container\">\n\t\t\t\t\t<h2 class=\"elementor-heading-title elementor-size-default\">Principales qualifications<\/h2>\t\t\t\t<\/div>\n\t\t\t\t<\/div>\n\t\t\t\t<div class=\"elementor-element elementor-element-7419b16 elementor-widget elementor-widget-text-editor\" data-id=\"7419b16\" data-element_type=\"widget\" data-e-type=\"widget\" data-widget_type=\"text-editor.default\">\n\t\t\t\t<div class=\"elementor-widget-container\">\n\t\t\t\t\t\t\t\t\t<ul><li>LL.M. en droit de l\u2019\u00e9nergie et des infrastructures (Osgoode Hall Law School, Canada)<\/li><li>LL.M. en droit des affaires mondiales (Universit\u00e9 de Toronto, Canada)<\/li><li>M.A.Sc. &amp; B.A.Sc. en g\u00e9nie civil (Universit\u00e9 de Waterloo, Canada)<\/li><li><!--StartFragment --><span class=\"cf0\">Full member of The Academy of Experts (MAE)<\/span><!--EndFragment --><\/li><li>Dipl\u00f4me post-universitaire en adjudication de la construction (CIArb, Royaume-Uni)<\/li><li>Adjudicateur certifi\u00e9 en construction (ADR Institute of Canada)<\/li><li>Arbitre agr\u00e9\u00e9 (C.Arb)<\/li><li>Fellow du Chartered Institute of Arbitrators (FCIArb)<\/li><li>Fellow de l\u2019Institute of Construction Claims Practitioners (FICCP)<\/li><\/ul>\t\t\t\t\t\t\t\t<\/div>\n\t\t\t\t<\/div>\n\t\t\t\t<div class=\"elementor-element elementor-element-3791160 elementor-widget elementor-widget-heading\" data-id=\"3791160\" data-element_type=\"widget\" data-e-type=\"widget\" data-widget_type=\"heading.default\">\n\t\t\t\t<div class=\"elementor-widget-container\">\n\t\t\t\t\t<h2 class=\"elementor-heading-title elementor-size-default\">Affiliations professionnelles<\/h2>\t\t\t\t<\/div>\n\t\t\t\t<\/div>\n\t\t\t\t<div class=\"elementor-element elementor-element-618c064 elementor-widget elementor-widget-text-editor\" data-id=\"618c064\" data-element_type=\"widget\" data-e-type=\"widget\" data-widget_type=\"text-editor.default\">\n\t\t\t\t<div class=\"elementor-widget-container\">\n\t\t\t\t\t\t\t\t\t<ul><li>Association suisse d\u2019arbitrage (ASA)<\/li><li>Soci\u00e9t\u00e9 suisse des ing\u00e9nieurs et architectes (SIA)<\/li><li>Ordres des ing\u00e9nieurs \u2013 Ontario, Alberta, Colombie-Britannique<\/li><li>Chartered Institute of Arbitrators \u2013 Membre du conseil, Section Canada<\/li><li>Fondation du Conseil de r\u00e9solution des diff\u00e9rends<\/li><li>Freeman of the Worshipful Company of Arbitrators (Royaume-Uni)<\/li><\/ul>\t\t\t\t\t\t\t\t<\/div>\n\t\t\t\t<\/div>\n\t\t\t\t<div class=\"elementor-element elementor-element-c64e223 elementor-align-left elementor-widget elementor-widget-button\" data-id=\"c64e223\" data-element_type=\"widget\" data-e-type=\"widget\" data-widget_type=\"button.default\">\n\t\t\t\t<div class=\"elementor-widget-container\">\n\t\t\t\t\t\t\t\t\t<div class=\"elementor-button-wrapper\">\n\t\t\t\t\t<a class=\"elementor-button elementor-button-link elementor-size-sm\" href=\"https:\/\/mortazavi-inc.ca\/fr\/contact-us\/\">\n\t\t\t\t\t\t<span class=\"elementor-button-content-wrapper\">\n\t\t\t\t\t\t<span class=\"elementor-button-icon\">\n\t\t\t\t<svg aria-hidden=\"true\" class=\"e-font-icon-svg e-far-calendar\" viewbox=\"0 0 448 512\" xmlns=\"http:\/\/www.w3.org\/2000\/svg\"><path d=\"M400 64h-48V12c0-6.6-5.4-12-12-12h-40c-6.6 0-12 5.4-12 12v52H160V12c0-6.6-5.4-12-12-12h-40c-6.6 0-12 5.4-12 12v52H48C21.5 64 0 85.5 0 112v352c0 26.5 21.5 48 48 48h352c26.5 0 48-21.5 48-48V112c0-26.5-21.5-48-48-48zm-6 400H54c-3.3 0-6-2.7-6-6V160h352v298c0 3.3-2.7 6-6 6z\"><\/path><\/svg>\t\t\t<\/span>\n\t\t\t\t\t\t\t\t\t<span class=\"elementor-button-text\">Prendre un rendez-vous<\/span>\n\t\t\t\t\t<\/span>\n\t\t\t\t\t<\/a>\n\t\t\t\t<\/div>\n\t\t\t\t\t\t\t\t<\/div>\n\t\t\t\t<\/div>\n\t\t\t\t<\/div>\n\t\t\t\t\t<\/div>\n\t\t\t\t<\/div>\n\t\t\t\t<\/div>","protected":false},"excerpt":{"rendered":"<p>Matt Mortazavi, C. Arb., SIA, P.Eng. Engineer and Litigation Support Consultant, Chartered Arbitrator, ADR Specialist Founder Areas of Expertise Construction Project Management Construction Law &amp; Contract Management Litigation Support &amp; Expert Consulting Construction Claims &amp; Dispute Consulting Contract Interpretation &amp; Expert Opinions (Construction) Practice with FIDIC, JCT &amp; CCDC Contracts Arbitration, Adjudication &amp; Dispute Boards [&hellip;]<\/p>\n","protected":false},"author":1,"featured_media":0,"parent":1129,"menu_order":0,"comment_status":"closed","ping_status":"closed","template":"","meta":{"footnotes":""},"class_list":["post-1384","page","type-page","status-publish","hentry"],"_links":{"self":[{"href":"https:\/\/mortazavi-inc.ca\/fr\/wp-json\/wp\/v2\/pages\/1384","targetHints":{"allow":["GET"]}}],"collection":[{"href":"https:\/\/mortazavi-inc.ca\/fr\/wp-json\/wp\/v2\/pages"}],"about":[{"href":"https:\/\/mortazavi-inc.ca\/fr\/wp-json\/wp\/v2\/types\/page"}],"author":[{"embeddable":true,"href":"https:\/\/mortazavi-inc.ca\/fr\/wp-json\/wp\/v2\/users\/1"}],"replies":[{"embeddable":true,"href":"https:\/\/mortazavi-inc.ca\/fr\/wp-json\/wp\/v2\/comments?post=1384"}],"version-history":[{"count":22,"href":"https:\/\/mortazavi-inc.ca\/fr\/wp-json\/wp\/v2\/pages\/1384\/revisions"}],"predecessor-version":[{"id":1710,"href":"https:\/\/mortazavi-inc.ca\/fr\/wp-json\/wp\/v2\/pages\/1384\/revisions\/1710"}],"up":[{"embeddable":true,"href":"https:\/\/mortazavi-inc.ca\/fr\/wp-json\/wp\/v2\/pages\/1129"}],"wp:attachment":[{"href":"https:\/\/mortazavi-inc.ca\/fr\/wp-json\/wp\/v2\/media?parent=1384"}],"curies":[{"name":"wp","href":"https:\/\/api.w.org\/{rel}","templated":true}]}}