{"id":1389,"date":"2025-09-13T01:04:56","date_gmt":"2025-09-13T01:04:56","guid":{"rendered":"https:\/\/lightgoldenrodyellow-viper-261860.hostingersite.com\/?page_id=1389"},"modified":"2025-09-16T13:11:52","modified_gmt":"2025-09-16T13:11:52","slug":"ksenia-churakova-ll-m","status":"publish","type":"page","link":"https:\/\/mortazavi-inc.ca\/fr\/our-team\/team-canada\/ksenia-churakova-ll-m\/","title":{"rendered":"Ksenia Churakova, LL.M."},"content":{"rendered":"<div data-elementor-type=\"wp-page\" data-elementor-id=\"1389\" class=\"elementor elementor-1389\" data-elementor-post-type=\"page\">\n\t\t\t\t<div class=\"elementor-element elementor-element-762cf90 e-flex e-con-boxed e-con e-parent\" data-id=\"762cf90\" data-element_type=\"container\" data-e-type=\"container\">\n\t\t\t\t\t<div class=\"e-con-inner\">\n\t\t<div class=\"elementor-element elementor-element-da02512 e-con-full e-flex e-con e-child\" data-id=\"da02512\" data-element_type=\"container\" data-e-type=\"container\">\n\t\t<div class=\"elementor-element elementor-element-15c3c77 e-con-full e-flex e-con e-child\" data-id=\"15c3c77\" data-element_type=\"container\" data-e-type=\"container\">\n\t\t<div class=\"elementor-element elementor-element-95afd0b e-con-full e-flex e-con e-child\" data-id=\"95afd0b\" data-element_type=\"container\" data-e-type=\"container\">\n\t\t\t\t<div class=\"elementor-element elementor-element-d2a680a elementor-widget elementor-widget-image\" data-id=\"d2a680a\" data-element_type=\"widget\" data-e-type=\"widget\" data-widget_type=\"image.default\">\n\t\t\t\t<div class=\"elementor-widget-container\">\n\t\t\t\t\t\t\t\t\t\t\t\t\t\t\t<img fetchpriority=\"high\" decoding=\"async\" width=\"762\" height=\"1050\" src=\"https:\/\/mortazavi-inc.ca\/wp-content\/uploads\/2025\/09\/ksenia_Final2.png\" class=\"attachment-full size-full wp-image-1654\" alt=\"\" srcset=\"https:\/\/mortazavi-inc.ca\/wp-content\/uploads\/2025\/09\/ksenia_Final2.png 762w, https:\/\/mortazavi-inc.ca\/wp-content\/uploads\/2025\/09\/ksenia_Final2-218x300.png 218w, https:\/\/mortazavi-inc.ca\/wp-content\/uploads\/2025\/09\/ksenia_Final2-743x1024.png 743w, https:\/\/mortazavi-inc.ca\/wp-content\/uploads\/2025\/09\/ksenia_Final2-9x12.png 9w\" sizes=\"(max-width: 762px) 100vw, 762px\" \/>\t\t\t\t\t\t\t\t\t\t\t\t\t\t\t<\/div>\n\t\t\t\t<\/div>\n\t\t\t\t<\/div>\n\t\t<div class=\"elementor-element elementor-element-8a073d9 e-con-full e-flex e-con e-child\" data-id=\"8a073d9\" data-element_type=\"container\" data-e-type=\"container\">\n\t\t\t\t<div class=\"elementor-element elementor-element-3aa07cc elementor-widget elementor-widget-heading\" data-id=\"3aa07cc\" data-element_type=\"widget\" data-e-type=\"widget\" data-widget_type=\"heading.default\">\n\t\t\t\t<div class=\"elementor-widget-container\">\n\t\t\t\t\t<h2 class=\"elementor-heading-title elementor-size-default\">Ksenia Churakova, LL.M.<\/h2>\t\t\t\t<\/div>\n\t\t\t\t<\/div>\n\t\t\t\t<div class=\"elementor-element elementor-element-4342b5e elementor-widget elementor-widget-heading\" data-id=\"4342b5e\" data-element_type=\"widget\" data-e-type=\"widget\" data-widget_type=\"heading.default\">\n\t\t\t\t<div class=\"elementor-widget-container\">\n\t\t\t\t\t<div class=\"elementor-heading-title elementor-size-default\">Avocat de formation international, Infrastructures &amp; Construction, Droit commercial international et conformit\u00e9 r\u00e9glementaire transfrontali\u00e8re<\/div>\t\t\t\t<\/div>\n\t\t\t\t<\/div>\n\t\t\t\t<div class=\"elementor-element elementor-element-168cb52 elementor-widget elementor-widget-heading\" data-id=\"168cb52\" data-element_type=\"widget\" data-e-type=\"widget\" data-widget_type=\"heading.default\">\n\t\t\t\t<div class=\"elementor-widget-container\">\n\t\t\t\t\t<div class=\"elementor-heading-title elementor-size-default\">Associe\u00e9 Principale<\/div>\t\t\t\t<\/div>\n\t\t\t\t<\/div>\n\t\t\t\t<div class=\"elementor-element elementor-element-3c6f528 elementor-widget elementor-widget-heading\" data-id=\"3c6f528\" data-element_type=\"widget\" data-e-type=\"widget\" data-widget_type=\"heading.default\">\n\t\t\t\t<div class=\"elementor-widget-container\">\n\t\t\t\t\t<h2 class=\"elementor-heading-title elementor-size-default\">Domaines d'expertise<\/h2>\t\t\t\t<\/div>\n\t\t\t\t<\/div>\n\t\t\t\t<div class=\"elementor-element elementor-element-5f3c044 elementor-widget elementor-widget-text-editor\" data-id=\"5f3c044\" data-element_type=\"widget\" data-e-type=\"widget\" data-widget_type=\"text-editor.default\">\n\t\t\t\t<div class=\"elementor-widget-container\">\n\t\t\t\t\t\t\t\t\t<ul><li>Projets d\u2019infrastructure et de construction<\/li><li>R\u00e8glement des diff\u00e9rends en construction<\/li><li>Droit commercial international et transactions transfrontali\u00e8res<\/li><li>Strat\u00e9gie d\u2019entr\u00e9e sur les march\u00e9s et conformit\u00e9 r\u00e9glementaire (\u00c9tats-Unis &amp; Union europ\u00e9enne)<\/li><li>Conformit\u00e9 des produits de consommation (\u00c9tats-Unis &amp; Union europ\u00e9enne)<\/li><li>Propri\u00e9t\u00e9 intellectuelle &amp; licences<\/li><\/ul>\t\t\t\t\t\t\t\t<\/div>\n\t\t\t\t<\/div>\n\t\t\t\t<\/div>\n\t\t\t\t<\/div>\n\t\t\t\t<div class=\"elementor-element elementor-element-cb44015 elementor-widget elementor-widget-heading\" data-id=\"cb44015\" data-element_type=\"widget\" data-e-type=\"widget\" data-widget_type=\"heading.default\">\n\t\t\t\t<div class=\"elementor-widget-container\">\n\t\t\t\t\t<h2 class=\"elementor-heading-title elementor-size-default\">Biographie<\/h2>\t\t\t\t<\/div>\n\t\t\t\t<\/div>\n\t\t\t\t<div class=\"elementor-element elementor-element-994f721 elementor-widget elementor-widget-text-editor\" data-id=\"994f721\" data-element_type=\"widget\" data-e-type=\"widget\" data-widget_type=\"text-editor.default\">\n\t\t\t\t<div class=\"elementor-widget-container\">\n\t\t\t\t\t\t\t\t\t<p>Ksenia Churakova est une avocate de formation international en droit commercial international, en transactions transfrontali\u00e8res et en gestion des risques. Elle est titulaire d\u2019un LL.M. en droit commercial transfrontalier et d\u2019un dipl\u00f4me de sp\u00e9cialiste en droit civil (\u00e9quivalent \u00e0 un J.D.\/LL.M.), compl\u00e9t\u00e9s par des \u00e9tudes avanc\u00e9es en gestion des affaires et par un programme de doctorat en droit civil. Cette formation acad\u00e9mique lui permet d\u2019\u00e9laborer des strat\u00e9gies juridiques int\u00e9grant \u00e0 la fois les objectifs commerciaux et les exigences r\u00e9glementaires transfrontali\u00e8res, offrant ainsi des conseils pr\u00e9cis fond\u00e9s sur une double expertise juridique et \u00e9conomique.<\/p><p>Son activit\u00e9 de conseil se concentre sur l\u2019accompagnement d\u2019entreprises op\u00e9rant dans plusieurs juridictions, notamment en mati\u00e8re de structuration soci\u00e9taire, de n\u00e9gociation contractuelle, de gestion de la propri\u00e9t\u00e9 intellectuelle et de conformit\u00e9 r\u00e9glementaire dans les op\u00e9rations internationales. Elle a guid\u00e9 avec succ\u00e8s des soci\u00e9t\u00e9s europ\u00e9ennes lors de leur entr\u00e9e sur le march\u00e9 am\u00e9ricain, ainsi que des entreprises am\u00e9ricaines dans leur expansion en Europe, en assurant leur conformit\u00e9 tout en r\u00e9duisant les d\u00e9lais d\u2019approbation et en facilitant leur croissance internationale.<\/p><p>Ksenia poss\u00e8de \u00e9galement une vaste exp\u00e9rience en conseil dans le domaine de la construction et des infrastructures, ayant assur\u00e9 la supervision juridique de projets de plusieurs millions de dollars, notamment des enceintes sportives internationales, des \u00e9tablissements culturels et des d\u00e9veloppements commerciaux d\u2019envergure. Son travail a couvert la structuration contractuelle, les proc\u00e9dures d\u2019approvisionnement et d\u2019appel d\u2019offres, la conformit\u00e9 r\u00e9glementaire ainsi que la coordination de centaines d\u2019intervenants \u00e0 toutes les phases des projets. Cette compr\u00e9hension approfondie de la r\u00e9alisation et de l\u2019ex\u00e9cution des ouvrages \u2014 de la r\u00e9daction initiale des contrats jusqu\u2019\u00e0 la mise en service et \u00e0 l\u2019ach\u00e8vement \u2014 lui conf\u00e8re une base technique essentielle pour un r\u00e8glement efficace des diff\u00e9rends.\nElle a obtenu des r\u00e9sultats favorables dans l\u2019ensemble de ses affaires majeures en contentieux de la construction, g\u00e9rant de fa\u00e7on autonome des litiges de grande valeur tout au long du processus judiciaire, incluant la strat\u00e9gie proc\u00e9durale, la plaidoirie devant les tribunaux et les recours en appel, au sein des juridictions comp\u00e9tentes. Forte de plusieurs ann\u00e9es d\u2019exp\u00e9rience devant les tribunaux, elle apporte une perspective pratique sur la dynamique des litiges en construction, qu\u2019elle met aujourd\u2019hui au service de son activit\u00e9 de conseil. Son expertise en mati\u00e8re de litiges couvre les diff\u00e9rends li\u00e9s \u00e0 l\u2019interpr\u00e9tation contractuelle, les r\u00e9clamations pour retards et perturbations, les litiges relatifs aux modifications et aux paiements, les d\u00e9fauts et probl\u00e8mes de qualit\u00e9, ainsi que les contentieux complexes multipartites en construction.<\/p>\t\t\t\t\t\t\t\t<\/div>\n\t\t\t\t<\/div>\n\t\t\t\t<div class=\"elementor-element elementor-element-e046f56 elementor-widget elementor-widget-heading\" data-id=\"e046f56\" data-element_type=\"widget\" data-e-type=\"widget\" data-widget_type=\"heading.default\">\n\t\t\t\t<div class=\"elementor-widget-container\">\n\t\t\t\t\t<h2 class=\"elementor-heading-title elementor-size-default\">Langues<\/h2>\t\t\t\t<\/div>\n\t\t\t\t<\/div>\n\t\t\t\t<div class=\"elementor-element elementor-element-8dabc7e elementor-widget elementor-widget-text-editor\" data-id=\"8dabc7e\" data-element_type=\"widget\" data-e-type=\"widget\" data-widget_type=\"text-editor.default\">\n\t\t\t\t<div class=\"elementor-widget-container\">\n\t\t\t\t\t\t\t\t\t<p>Anglais, Russe, Fran\u00e7ais (niveau interm\u00e9diaire)<\/p>\t\t\t\t\t\t\t\t<\/div>\n\t\t\t\t<\/div>\n\t\t\t\t<div class=\"elementor-element elementor-element-aaa1f98 elementor-widget elementor-widget-heading\" data-id=\"aaa1f98\" data-element_type=\"widget\" data-e-type=\"widget\" data-widget_type=\"heading.default\">\n\t\t\t\t<div class=\"elementor-widget-container\">\n\t\t\t\t\t<h2 class=\"elementor-heading-title elementor-size-default\">Principales qualifications<\/h2>\t\t\t\t<\/div>\n\t\t\t\t<\/div>\n\t\t\t\t<div class=\"elementor-element elementor-element-a948e11 elementor-widget elementor-widget-text-editor\" data-id=\"a948e11\" data-element_type=\"widget\" data-e-type=\"widget\" data-widget_type=\"text-editor.default\">\n\t\t\t\t<div class=\"elementor-widget-container\">\n\t\t\t\t\t\t\t\t\t<ul><li>Master of Laws (LL.M.) en droit commercial transfrontalier<\/li><li>Dipl\u00f4me de sp\u00e9cialiste en droit civil (\u00e9quivalent J.D.\/LL.M.)<\/li><li>Programme acad\u00e9mique en gestion des affaires<\/li><li>Programme de doctorat en droit civil<\/li><\/ul>\t\t\t\t\t\t\t\t<\/div>\n\t\t\t\t<\/div>\n\t\t\t\t<div class=\"elementor-element elementor-element-ad3be75 elementor-align-left elementor-widget elementor-widget-button\" data-id=\"ad3be75\" data-element_type=\"widget\" data-e-type=\"widget\" data-widget_type=\"button.default\">\n\t\t\t\t<div class=\"elementor-widget-container\">\n\t\t\t\t\t\t\t\t\t<div class=\"elementor-button-wrapper\">\n\t\t\t\t\t<a class=\"elementor-button elementor-button-link elementor-size-sm\" href=\"https:\/\/mortazavi-inc.ca\/fr\/contact-us\/\">\n\t\t\t\t\t\t<span class=\"elementor-button-content-wrapper\">\n\t\t\t\t\t\t<span class=\"elementor-button-icon\">\n\t\t\t\t<svg aria-hidden=\"true\" class=\"e-font-icon-svg e-far-calendar\" viewbox=\"0 0 448 512\" xmlns=\"http:\/\/www.w3.org\/2000\/svg\"><path d=\"M400 64h-48V12c0-6.6-5.4-12-12-12h-40c-6.6 0-12 5.4-12 12v52H160V12c0-6.6-5.4-12-12-12h-40c-6.6 0-12 5.4-12 12v52H48C21.5 64 0 85.5 0 112v352c0 26.5 21.5 48 48 48h352c26.5 0 48-21.5 48-48V112c0-26.5-21.5-48-48-48zm-6 400H54c-3.3 0-6-2.7-6-6V160h352v298c0 3.3-2.7 6-6 6z\"><\/path><\/svg>\t\t\t<\/span>\n\t\t\t\t\t\t\t\t\t<span class=\"elementor-button-text\">Prendre un rendez-vous<\/span>\n\t\t\t\t\t<\/span>\n\t\t\t\t\t<\/a>\n\t\t\t\t<\/div>\n\t\t\t\t\t\t\t\t<\/div>\n\t\t\t\t<\/div>\n\t\t\t\t<\/div>\n\t\t\t\t\t<\/div>\n\t\t\t\t<\/div>\n\t\t\t\t<\/div>","protected":false},"excerpt":{"rendered":"<p>Ksenia Churakova, LL.M. International Trained Lawyer, Infrastructure &amp; Construction, Cross-Border Commercial Law and Regulatory Compliance Partner Areas of Expertise Infrastructure &amp; Construction Projects Construction Dispute Resolution International Business &amp; Trade Law Cross-Border Market Entry &amp; Regulatory Strategy (US &amp; EU) Consumer Products Compliance (US &amp; EU) Intellectual Property &amp; Licensing Biography Ksenia Churakova is a [&hellip;]<\/p>\n","protected":false},"author":1,"featured_media":0,"parent":1129,"menu_order":0,"comment_status":"closed","ping_status":"closed","template":"","meta":{"footnotes":""},"class_list":["post-1389","page","type-page","status-publish","hentry"],"_links":{"self":[{"href":"https:\/\/mortazavi-inc.ca\/fr\/wp-json\/wp\/v2\/pages\/1389","targetHints":{"allow":["GET"]}}],"collection":[{"href":"https:\/\/mortazavi-inc.ca\/fr\/wp-json\/wp\/v2\/pages"}],"about":[{"href":"https:\/\/mortazavi-inc.ca\/fr\/wp-json\/wp\/v2\/types\/page"}],"author":[{"embeddable":true,"href":"https:\/\/mortazavi-inc.ca\/fr\/wp-json\/wp\/v2\/users\/1"}],"replies":[{"embeddable":true,"href":"https:\/\/mortazavi-inc.ca\/fr\/wp-json\/wp\/v2\/comments?post=1389"}],"version-history":[{"count":22,"href":"https:\/\/mortazavi-inc.ca\/fr\/wp-json\/wp\/v2\/pages\/1389\/revisions"}],"predecessor-version":[{"id":1661,"href":"https:\/\/mortazavi-inc.ca\/fr\/wp-json\/wp\/v2\/pages\/1389\/revisions\/1661"}],"up":[{"embeddable":true,"href":"https:\/\/mortazavi-inc.ca\/fr\/wp-json\/wp\/v2\/pages\/1129"}],"wp:attachment":[{"href":"https:\/\/mortazavi-inc.ca\/fr\/wp-json\/wp\/v2\/media?parent=1389"}],"curies":[{"name":"wp","href":"https:\/\/api.w.org\/{rel}","templated":true}]}}