{"id":1406,"date":"2025-09-13T01:08:36","date_gmt":"2025-09-13T01:08:36","guid":{"rendered":"https:\/\/lightgoldenrodyellow-viper-261860.hostingersite.com\/?page_id=1406"},"modified":"2025-09-16T14:16:57","modified_gmt":"2025-09-16T14:16:57","slug":"ahmad-jammal","status":"publish","type":"page","link":"https:\/\/mortazavi-inc.ca\/fr\/our-team\/team-canada\/ahmad-jammal\/","title":{"rendered":"Ahmad Jammal"},"content":{"rendered":"<div data-elementor-type=\"wp-page\" data-elementor-id=\"1406\" class=\"elementor elementor-1406\" data-elementor-post-type=\"page\">\n\t\t\t\t<div class=\"elementor-element elementor-element-8ca77fa e-flex e-con-boxed e-con e-parent\" data-id=\"8ca77fa\" data-element_type=\"container\" data-e-type=\"container\">\n\t\t\t\t\t<div class=\"e-con-inner\">\n\t\t<div class=\"elementor-element elementor-element-ba035b9 e-con-full e-flex e-con e-child\" data-id=\"ba035b9\" data-element_type=\"container\" data-e-type=\"container\">\n\t\t<div class=\"elementor-element elementor-element-b9db2d1 e-con-full e-flex e-con e-child\" data-id=\"b9db2d1\" data-element_type=\"container\" data-e-type=\"container\">\n\t\t<div class=\"elementor-element elementor-element-f09dd5e e-con-full e-flex e-con e-child\" data-id=\"f09dd5e\" data-element_type=\"container\" data-e-type=\"container\">\n\t\t\t\t<div class=\"elementor-element elementor-element-bd1dcfe elementor-widget elementor-widget-image\" data-id=\"bd1dcfe\" data-element_type=\"widget\" data-e-type=\"widget\" data-widget_type=\"image.default\">\n\t\t\t\t<div class=\"elementor-widget-container\">\n\t\t\t\t\t\t\t\t\t\t\t\t\t\t\t<img fetchpriority=\"high\" decoding=\"async\" width=\"381\" height=\"525\" src=\"https:\/\/mortazavi-inc.ca\/wp-content\/uploads\/2025\/09\/image-84-Photoroom.png\" class=\"attachment-full size-full wp-image-1149\" alt=\"\" srcset=\"https:\/\/mortazavi-inc.ca\/wp-content\/uploads\/2025\/09\/image-84-Photoroom.png 381w, https:\/\/mortazavi-inc.ca\/wp-content\/uploads\/2025\/09\/image-84-Photoroom-218x300.png 218w, https:\/\/mortazavi-inc.ca\/wp-content\/uploads\/2025\/09\/image-84-Photoroom-9x12.png 9w\" sizes=\"(max-width: 381px) 100vw, 381px\" \/>\t\t\t\t\t\t\t\t\t\t\t\t\t\t\t<\/div>\n\t\t\t\t<\/div>\n\t\t\t\t<\/div>\n\t\t<div class=\"elementor-element elementor-element-7b0bcc6 e-con-full e-flex e-con e-child\" data-id=\"7b0bcc6\" data-element_type=\"container\" data-e-type=\"container\">\n\t\t\t\t<div class=\"elementor-element elementor-element-c37dde0 elementor-widget elementor-widget-heading\" data-id=\"c37dde0\" data-element_type=\"widget\" data-e-type=\"widget\" data-widget_type=\"heading.default\">\n\t\t\t\t<div class=\"elementor-widget-container\">\n\t\t\t\t\t<h2 class=\"elementor-heading-title elementor-size-default\">Ahmad Jammal<\/h2>\t\t\t\t<\/div>\n\t\t\t\t<\/div>\n\t\t\t\t<div class=\"elementor-element elementor-element-e2a720b elementor-widget elementor-widget-heading\" data-id=\"e2a720b\" data-element_type=\"widget\" data-e-type=\"widget\" data-widget_type=\"heading.default\">\n\t\t\t\t<div class=\"elementor-widget-container\">\n\t\t\t\t\t<div class=\"elementor-heading-title elementor-size-default\">Conseiller en construction et infrastructures | G\u00e9nie civil et Architecture<\/div>\t\t\t\t<\/div>\n\t\t\t\t<\/div>\n\t\t\t\t<div class=\"elementor-element elementor-element-5745375 elementor-widget elementor-widget-heading\" data-id=\"5745375\" data-element_type=\"widget\" data-e-type=\"widget\" data-widget_type=\"heading.default\">\n\t\t\t\t<div class=\"elementor-widget-container\">\n\t\t\t\t\t<div class=\"elementor-heading-title elementor-size-default\">Associ\u00e9<\/div>\t\t\t\t<\/div>\n\t\t\t\t<\/div>\n\t\t\t\t<div class=\"elementor-element elementor-element-6b31c09 elementor-widget elementor-widget-heading\" data-id=\"6b31c09\" data-element_type=\"widget\" data-e-type=\"widget\" data-widget_type=\"heading.default\">\n\t\t\t\t<div class=\"elementor-widget-container\">\n\t\t\t\t\t<h2 class=\"elementor-heading-title elementor-size-default\">Domaines d'expertise<\/h2>\t\t\t\t<\/div>\n\t\t\t\t<\/div>\n\t\t\t\t<div class=\"elementor-element elementor-element-d61c20b elementor-widget elementor-widget-text-editor\" data-id=\"d61c20b\" data-element_type=\"widget\" data-e-type=\"widget\" data-widget_type=\"text-editor.default\">\n\t\t\t\t<div class=\"elementor-widget-container\">\n\t\t\t\t\t\t\t\t\t<ul><li>Gestion de projets de construction<\/li><li>Gestion des risques &amp; pr\u00e9vention des diff\u00e9rends en construction<\/li><li>Services d\u2019expertise technique en soutien au contentieux et \u00e0 l\u2019arbitrage<\/li><li>Analyse des retards &amp; pr\u00e9paration de r\u00e9clamations<\/li><li>Projets internationaux \u2013 sp\u00e9cialisation Moyen-Orient<\/li><\/ul>\t\t\t\t\t\t\t\t<\/div>\n\t\t\t\t<\/div>\n\t\t\t\t<\/div>\n\t\t\t\t<\/div>\n\t\t\t\t<div class=\"elementor-element elementor-element-99b3324 elementor-widget elementor-widget-heading\" data-id=\"99b3324\" data-element_type=\"widget\" data-e-type=\"widget\" data-widget_type=\"heading.default\">\n\t\t\t\t<div class=\"elementor-widget-container\">\n\t\t\t\t\t<h2 class=\"elementor-heading-title elementor-size-default\">Biographie<\/h2>\t\t\t\t<\/div>\n\t\t\t\t<\/div>\n\t\t\t\t<div class=\"elementor-element elementor-element-5434da3 elementor-widget elementor-widget-text-editor\" data-id=\"5434da3\" data-element_type=\"widget\" data-e-type=\"widget\" data-widget_type=\"text-editor.default\">\n\t\t\t\t<div class=\"elementor-widget-container\">\n\t\t\t\t\t\t\t\t\t<p>Ahmad Jammal est ing\u00e9nieur civil et architecte avec une solide exp\u00e9rience internationale en gestion de projets, acquise en Am\u00e9rique du Nord et au Moyen-Orient. Il est titulaire d\u2019un Master of Science en g\u00e9nie civil et architecture de l\u2019Universit\u00e9 du Kansas et d\u2019un Bachelor of Science en g\u00e9nie civil et architecture de l\u2019Universit\u00e9 du Colorado. Ahmad est ing\u00e9nieur inscrit au Royaume d\u2019Arabie saoudite et aux \u00c9mirats arabes unis, et membre de l\u2019Ordre des ing\u00e9nieurs et architectes du Liban.<\/p><p>Sa carri\u00e8re internationale couvre des projets de construction majeurs au Canada et dans la r\u00e9gion du Golfe. Au Canada, il a occup\u00e9 des postes de directeur principal de projets au sein d\u2019entreprises de construction r\u00e9put\u00e9es telles que Van Bots Construction Corporation et Ellis Don Corporation. En 2005, il a exerc\u00e9 la fonction de directeur de projet chez Ellis Don, supervisant le prestigieux projet Golden Mile sur Palm Jumeirah \u00e0 Duba\u00ef. Son exp\u00e9rience dans la r\u00e9gion du Golfe s\u2019est poursuivie avec Oger Abu Dhabi Ltd. en 2009, o\u00f9 il a dirig\u00e9 les op\u00e9rations pour le projet Sowwah Island, puis avec Saudi Oger Ltd. \u00e0 partir de 2012 en qualit\u00e9 de directeur de zone et directeur principal de programme, g\u00e9rant plusieurs projets d\u2019infrastructures et de b\u00e2timents de grande envergure.<\/p><p>Tout au long de sa carri\u00e8re au Moyen-Orient, Ahmad a apport\u00e9 son expertise technique \u00e0 de nombreuses entreprises de construction et de d\u00e9veloppement, notamment en gestion de projets, en pr\u00e9vention des diff\u00e9rends et gestion des risques, ainsi qu\u2019en services d\u2019expertise en appui aux litiges en construction. Ses domaines d\u2019intervention incluent le r\u00f4le d\u2019expert en construction, avec un accent particulier sur les normes r\u00e9gionales de construction, la r\u00e9glementation et les mod\u00e8les contractuels de r\u00e9alisation au Moyen-Orient.<\/p>\t\t\t\t\t\t\t\t<\/div>\n\t\t\t\t<\/div>\n\t\t\t\t<div class=\"elementor-element elementor-element-daa7dc2 elementor-widget elementor-widget-heading\" data-id=\"daa7dc2\" data-element_type=\"widget\" data-e-type=\"widget\" data-widget_type=\"heading.default\">\n\t\t\t\t<div class=\"elementor-widget-container\">\n\t\t\t\t\t<h2 class=\"elementor-heading-title elementor-size-default\">Langues<\/h2>\t\t\t\t<\/div>\n\t\t\t\t<\/div>\n\t\t\t\t<div class=\"elementor-element elementor-element-ebbb5ec elementor-widget elementor-widget-text-editor\" data-id=\"ebbb5ec\" data-element_type=\"widget\" data-e-type=\"widget\" data-widget_type=\"text-editor.default\">\n\t\t\t\t<div class=\"elementor-widget-container\">\n\t\t\t\t\t\t\t\t\t<p>Anglais, Arabe, Fran\u00e7ais (niveau interm\u00e9diaire)<\/p>\t\t\t\t\t\t\t\t<\/div>\n\t\t\t\t<\/div>\n\t\t\t\t<div class=\"elementor-element elementor-element-76dba88 elementor-widget elementor-widget-heading\" data-id=\"76dba88\" data-element_type=\"widget\" data-e-type=\"widget\" data-widget_type=\"heading.default\">\n\t\t\t\t<div class=\"elementor-widget-container\">\n\t\t\t\t\t<h2 class=\"elementor-heading-title elementor-size-default\">Principales qualifications<\/h2>\t\t\t\t<\/div>\n\t\t\t\t<\/div>\n\t\t\t\t<div class=\"elementor-element elementor-element-de931a8 elementor-widget elementor-widget-text-editor\" data-id=\"de931a8\" data-element_type=\"widget\" data-e-type=\"widget\" data-widget_type=\"text-editor.default\">\n\t\t\t\t<div class=\"elementor-widget-container\">\n\t\t\t\t\t\t\t\t\t<ul><li>M.Sc. en g\u00e9nie civil et architecture, Universit\u00e9 du Kansas (\u00c9tats-Unis)<\/li><li>B.Sc. en g\u00e9nie civil et architecture, Universit\u00e9 du Colorado (\u00c9tats-Unis)<\/li><li>Ing\u00e9nieur inscrit et en exercice \u2013 Royaume d\u2019Arabie saoudite<\/li><li>Ing\u00e9nieur inscrit et en exercice \u2013 \u00c9mirats arabes unis<\/li><li>Membre de l\u2019Ordre des ing\u00e9nieurs et architectes \u2013 Liban<\/li><\/ul>\t\t\t\t\t\t\t\t<\/div>\n\t\t\t\t<\/div>\n\t\t\t\t<div class=\"elementor-element elementor-element-2243d31 elementor-align-left elementor-widget elementor-widget-button\" data-id=\"2243d31\" data-element_type=\"widget\" data-e-type=\"widget\" data-widget_type=\"button.default\">\n\t\t\t\t<div class=\"elementor-widget-container\">\n\t\t\t\t\t\t\t\t\t<div class=\"elementor-button-wrapper\">\n\t\t\t\t\t<a class=\"elementor-button elementor-button-link elementor-size-sm\" href=\"https:\/\/mortazavi-inc.ca\/fr\/contact-us\/\">\n\t\t\t\t\t\t<span class=\"elementor-button-content-wrapper\">\n\t\t\t\t\t\t<span class=\"elementor-button-icon\">\n\t\t\t\t<svg aria-hidden=\"true\" class=\"e-font-icon-svg e-far-calendar\" viewbox=\"0 0 448 512\" xmlns=\"http:\/\/www.w3.org\/2000\/svg\"><path d=\"M400 64h-48V12c0-6.6-5.4-12-12-12h-40c-6.6 0-12 5.4-12 12v52H160V12c0-6.6-5.4-12-12-12h-40c-6.6 0-12 5.4-12 12v52H48C21.5 64 0 85.5 0 112v352c0 26.5 21.5 48 48 48h352c26.5 0 48-21.5 48-48V112c0-26.5-21.5-48-48-48zm-6 400H54c-3.3 0-6-2.7-6-6V160h352v298c0 3.3-2.7 6-6 6z\"><\/path><\/svg>\t\t\t<\/span>\n\t\t\t\t\t\t\t\t\t<span class=\"elementor-button-text\">Prendre un rendez-vous<\/span>\n\t\t\t\t\t<\/span>\n\t\t\t\t\t<\/a>\n\t\t\t\t<\/div>\n\t\t\t\t\t\t\t\t<\/div>\n\t\t\t\t<\/div>\n\t\t\t\t<\/div>\n\t\t\t\t\t<\/div>\n\t\t\t\t<\/div>\n\t\t\t\t<\/div>","protected":false},"excerpt":{"rendered":"<p>Ahmad Jammal Construction &amp; Infrastructure Advisor | Civil Engineering &amp; Architecture Associate Areas of Expertise Construction Project Management Risk Management &amp; Dispute Avoidance in Construction Construction Expert Services for Litigation &amp; Arbitration Delay Analysis &amp; Claims Preparation International Projects \u2013 Focus on the Middle East Biography Ahmad Jammal is an internationally experienced civil engineer and [&hellip;]<\/p>\n","protected":false},"author":1,"featured_media":0,"parent":1129,"menu_order":0,"comment_status":"closed","ping_status":"closed","template":"","meta":{"footnotes":""},"class_list":["post-1406","page","type-page","status-publish","hentry"],"_links":{"self":[{"href":"https:\/\/mortazavi-inc.ca\/fr\/wp-json\/wp\/v2\/pages\/1406","targetHints":{"allow":["GET"]}}],"collection":[{"href":"https:\/\/mortazavi-inc.ca\/fr\/wp-json\/wp\/v2\/pages"}],"about":[{"href":"https:\/\/mortazavi-inc.ca\/fr\/wp-json\/wp\/v2\/types\/page"}],"author":[{"embeddable":true,"href":"https:\/\/mortazavi-inc.ca\/fr\/wp-json\/wp\/v2\/users\/1"}],"replies":[{"embeddable":true,"href":"https:\/\/mortazavi-inc.ca\/fr\/wp-json\/wp\/v2\/comments?post=1406"}],"version-history":[{"count":13,"href":"https:\/\/mortazavi-inc.ca\/fr\/wp-json\/wp\/v2\/pages\/1406\/revisions"}],"predecessor-version":[{"id":1673,"href":"https:\/\/mortazavi-inc.ca\/fr\/wp-json\/wp\/v2\/pages\/1406\/revisions\/1673"}],"up":[{"embeddable":true,"href":"https:\/\/mortazavi-inc.ca\/fr\/wp-json\/wp\/v2\/pages\/1129"}],"wp:attachment":[{"href":"https:\/\/mortazavi-inc.ca\/fr\/wp-json\/wp\/v2\/media?parent=1406"}],"curies":[{"name":"wp","href":"https:\/\/api.w.org\/{rel}","templated":true}]}}