{"id":1417,"date":"2025-09-13T01:10:57","date_gmt":"2025-09-13T01:10:57","guid":{"rendered":"https:\/\/lightgoldenrodyellow-viper-261860.hostingersite.com\/?page_id=1417"},"modified":"2025-09-16T14:17:06","modified_gmt":"2025-09-16T14:17:06","slug":"micah-clarke","status":"publish","type":"page","link":"https:\/\/mortazavi-inc.ca\/fr\/our-team\/team-canada\/micah-clarke\/","title":{"rendered":"Micah Clarke"},"content":{"rendered":"<div data-elementor-type=\"wp-page\" data-elementor-id=\"1417\" class=\"elementor elementor-1417\" data-elementor-post-type=\"page\">\n\t\t\t\t<div class=\"elementor-element elementor-element-003a40a e-flex e-con-boxed e-con e-parent\" data-id=\"003a40a\" data-element_type=\"container\" data-e-type=\"container\">\n\t\t\t\t\t<div class=\"e-con-inner\">\n\t\t<div class=\"elementor-element elementor-element-bac32a8 e-con-full e-flex e-con e-child\" data-id=\"bac32a8\" data-element_type=\"container\" data-e-type=\"container\">\n\t\t<div class=\"elementor-element elementor-element-ceddcae e-con-full e-flex e-con e-child\" data-id=\"ceddcae\" data-element_type=\"container\" data-e-type=\"container\">\n\t\t<div class=\"elementor-element elementor-element-4553186 e-con-full e-flex e-con e-child\" data-id=\"4553186\" data-element_type=\"container\" data-e-type=\"container\">\n\t\t\t\t<div class=\"elementor-element elementor-element-ee3ddcc elementor-widget elementor-widget-image\" data-id=\"ee3ddcc\" data-element_type=\"widget\" data-e-type=\"widget\" data-widget_type=\"image.default\">\n\t\t\t\t<div class=\"elementor-widget-container\">\n\t\t\t\t\t\t\t\t\t\t\t\t\t\t\t<img fetchpriority=\"high\" decoding=\"async\" width=\"381\" height=\"525\" src=\"https:\/\/mortazavi-inc.ca\/wp-content\/uploads\/2025\/09\/image-85-Photoroom.png\" class=\"attachment-full size-full wp-image-1150\" alt=\"\" srcset=\"https:\/\/mortazavi-inc.ca\/wp-content\/uploads\/2025\/09\/image-85-Photoroom.png 381w, https:\/\/mortazavi-inc.ca\/wp-content\/uploads\/2025\/09\/image-85-Photoroom-218x300.png 218w, https:\/\/mortazavi-inc.ca\/wp-content\/uploads\/2025\/09\/image-85-Photoroom-9x12.png 9w\" sizes=\"(max-width: 381px) 100vw, 381px\" \/>\t\t\t\t\t\t\t\t\t\t\t\t\t\t\t<\/div>\n\t\t\t\t<\/div>\n\t\t\t\t<\/div>\n\t\t<div class=\"elementor-element elementor-element-86af6a5 e-con-full e-flex e-con e-child\" data-id=\"86af6a5\" data-element_type=\"container\" data-e-type=\"container\">\n\t\t\t\t<div class=\"elementor-element elementor-element-c45ce15 elementor-widget elementor-widget-heading\" data-id=\"c45ce15\" data-element_type=\"widget\" data-e-type=\"widget\" data-widget_type=\"heading.default\">\n\t\t\t\t<div class=\"elementor-widget-container\">\n\t\t\t\t\t<h2 class=\"elementor-heading-title elementor-size-default\">Micah Clarke <\/h2>\t\t\t\t<\/div>\n\t\t\t\t<\/div>\n\t\t\t\t<div class=\"elementor-element elementor-element-46347c0 elementor-widget elementor-widget-heading\" data-id=\"46347c0\" data-element_type=\"widget\" data-e-type=\"widget\" data-widget_type=\"heading.default\">\n\t\t\t\t<div class=\"elementor-widget-container\">\n\t\t\t\t\t<div class=\"elementor-heading-title elementor-size-default\">Chef de projet principal et \u0421onseiller<\/div>\t\t\t\t<\/div>\n\t\t\t\t<\/div>\n\t\t\t\t<div class=\"elementor-element elementor-element-37613b6 elementor-widget elementor-widget-heading\" data-id=\"37613b6\" data-element_type=\"widget\" data-e-type=\"widget\" data-widget_type=\"heading.default\">\n\t\t\t\t<div class=\"elementor-widget-container\">\n\t\t\t\t\t<div class=\"elementor-heading-title elementor-size-default\">Associ\u00e9<\/div>\t\t\t\t<\/div>\n\t\t\t\t<\/div>\n\t\t\t\t<div class=\"elementor-element elementor-element-14a8d8c elementor-widget elementor-widget-heading\" data-id=\"14a8d8c\" data-element_type=\"widget\" data-e-type=\"widget\" data-widget_type=\"heading.default\">\n\t\t\t\t<div class=\"elementor-widget-container\">\n\t\t\t\t\t<h2 class=\"elementor-heading-title elementor-size-default\">Domaines d'expertise<\/h2>\t\t\t\t<\/div>\n\t\t\t\t<\/div>\n\t\t\t\t<div class=\"elementor-element elementor-element-8068f94 elementor-widget elementor-widget-text-editor\" data-id=\"8068f94\" data-element_type=\"widget\" data-e-type=\"widget\" data-widget_type=\"text-editor.default\">\n\t\t\t\t<div class=\"elementor-widget-container\">\n\t\t\t\t\t\t\t\t\t<ul><li>Gestion de projets de construction<\/li><li>Analyse de constructibilit\u00e9 des documents de construction<\/li><li>Identification des r\u00e9clamations potentielles li\u00e9es aux modifications de p\u00e9rim\u00e8tre contractuel<\/li><li>Inspection des travaux et contr\u00f4le qualit\u00e9 en construction<\/li><li>Administration des contrats<\/li><li>Estimation, budg\u00e9tisation et planification<\/li><\/ul>\t\t\t\t\t\t\t\t<\/div>\n\t\t\t\t<\/div>\n\t\t\t\t<\/div>\n\t\t\t\t<\/div>\n\t\t\t\t<div class=\"elementor-element elementor-element-7013abc elementor-widget elementor-widget-heading\" data-id=\"7013abc\" data-element_type=\"widget\" data-e-type=\"widget\" data-widget_type=\"heading.default\">\n\t\t\t\t<div class=\"elementor-widget-container\">\n\t\t\t\t\t<h2 class=\"elementor-heading-title elementor-size-default\">Biographie<\/h2>\t\t\t\t<\/div>\n\t\t\t\t<\/div>\n\t\t\t\t<div class=\"elementor-element elementor-element-74fa7f0 elementor-widget elementor-widget-text-editor\" data-id=\"74fa7f0\" data-element_type=\"widget\" data-e-type=\"widget\" data-widget_type=\"text-editor.default\">\n\t\t\t\t<div class=\"elementor-widget-container\">\n\t\t\t\t\t\t\t\t\t<p>Micah Clarke est Senior Project Manager et conseiller, avec plus de 35 ans d\u2019exp\u00e9rience pratique en construction sur des projets vari\u00e9s, de toutes tailles et typologies. Dipl\u00f4m\u00e9 en gestion de la construction du George Brown College \u00e0 Toronto, il est sp\u00e9cialis\u00e9 en gestion de projets de construction, en revue de documents pour la constructibilit\u00e9, en administration contractuelle ainsi qu\u2019en identification des risques de r\u00e9clamations. Son expertise \u00e9tendue en supervision et management lui permet d\u2019\u00e9valuer efficacement les projets et d\u2019optimiser l\u2019utilisation des \u00e9quipes.<\/p><p>Son exp\u00e9rience couvre aussi bien les immeubles r\u00e9sidentiels de faible et grande hauteur que les d\u00e9veloppements industriels, commerciaux et institutionnels. Il poss\u00e8de \u00e9galement une solide exp\u00e9rience en infrastructures, incluant les r\u00e9seaux souterrains, les usines de traitement des eaux et les stations de pompage des eaux us\u00e9es. Tout au long de sa carri\u00e8re, il a d\u00e9montr\u00e9 une capacit\u00e9 remarquable \u00e0 collaborer efficacement avec des consultants, entrepreneurs et autorit\u00e9s r\u00e9glementaires dans diff\u00e9rentes juridictions, assurant la bonne coordination des projets et le respect des normes applicables.<\/p><p>Depuis plus de 35 ans, Micah collabore avec MCCI et son fondateur Matt Mortazavi sur de nombreux projets, apportant des comp\u00e9tences cl\u00e9s en estimation, budg\u00e9tisation, planification et inspection de la construction. Sa compr\u00e9hension globale des processus de construction, combin\u00e9e \u00e0 sa capacit\u00e9 d\u2019identifier les zones de r\u00e9clamations potentielles et de contr\u00f4ler l\u2019ex\u00e9cution contractuelle, fait de lui un atout essentiel pour les projets complexes n\u00e9cessitant une supervision exp\u00e9riment\u00e9e et une gestion strat\u00e9gique.<\/p>\t\t\t\t\t\t\t\t<\/div>\n\t\t\t\t<\/div>\n\t\t\t\t<div class=\"elementor-element elementor-element-5f7e66b elementor-widget elementor-widget-heading\" data-id=\"5f7e66b\" data-element_type=\"widget\" data-e-type=\"widget\" data-widget_type=\"heading.default\">\n\t\t\t\t<div class=\"elementor-widget-container\">\n\t\t\t\t\t<h2 class=\"elementor-heading-title elementor-size-default\">Langues<\/h2>\t\t\t\t<\/div>\n\t\t\t\t<\/div>\n\t\t\t\t<div class=\"elementor-element elementor-element-d794bff elementor-widget elementor-widget-text-editor\" data-id=\"d794bff\" data-element_type=\"widget\" data-e-type=\"widget\" data-widget_type=\"text-editor.default\">\n\t\t\t\t<div class=\"elementor-widget-container\">\n\t\t\t\t\t\t\t\t\t<p>Anglais<\/p>\t\t\t\t\t\t\t\t<\/div>\n\t\t\t\t<\/div>\n\t\t\t\t<div class=\"elementor-element elementor-element-c2caca9 elementor-widget elementor-widget-heading\" data-id=\"c2caca9\" data-element_type=\"widget\" data-e-type=\"widget\" data-widget_type=\"heading.default\">\n\t\t\t\t<div class=\"elementor-widget-container\">\n\t\t\t\t\t<h2 class=\"elementor-heading-title elementor-size-default\">Principales qualifications<\/h2>\t\t\t\t<\/div>\n\t\t\t\t<\/div>\n\t\t\t\t<div class=\"elementor-element elementor-element-3c647e5 elementor-widget elementor-widget-text-editor\" data-id=\"3c647e5\" data-element_type=\"widget\" data-e-type=\"widget\" data-widget_type=\"text-editor.default\">\n\t\t\t\t<div class=\"elementor-widget-container\">\n\t\t\t\t\t\t\t\t\t<ul><li>Dipl\u00f4me en gestion de la construction \u2013 George Brown College, Toronto, Canada<\/li><\/ul>\t\t\t\t\t\t\t\t<\/div>\n\t\t\t\t<\/div>\n\t\t\t\t<div class=\"elementor-element elementor-element-009cf5f elementor-align-left elementor-widget elementor-widget-button\" data-id=\"009cf5f\" data-element_type=\"widget\" data-e-type=\"widget\" data-widget_type=\"button.default\">\n\t\t\t\t<div class=\"elementor-widget-container\">\n\t\t\t\t\t\t\t\t\t<div class=\"elementor-button-wrapper\">\n\t\t\t\t\t<a class=\"elementor-button elementor-button-link elementor-size-sm\" href=\"https:\/\/mortazavi-inc.ca\/fr\/contact-us\/\">\n\t\t\t\t\t\t<span class=\"elementor-button-content-wrapper\">\n\t\t\t\t\t\t<span class=\"elementor-button-icon\">\n\t\t\t\t<svg aria-hidden=\"true\" class=\"e-font-icon-svg e-far-calendar\" viewbox=\"0 0 448 512\" xmlns=\"http:\/\/www.w3.org\/2000\/svg\"><path d=\"M400 64h-48V12c0-6.6-5.4-12-12-12h-40c-6.6 0-12 5.4-12 12v52H160V12c0-6.6-5.4-12-12-12h-40c-6.6 0-12 5.4-12 12v52H48C21.5 64 0 85.5 0 112v352c0 26.5 21.5 48 48 48h352c26.5 0 48-21.5 48-48V112c0-26.5-21.5-48-48-48zm-6 400H54c-3.3 0-6-2.7-6-6V160h352v298c0 3.3-2.7 6-6 6z\"><\/path><\/svg>\t\t\t<\/span>\n\t\t\t\t\t\t\t\t\t<span class=\"elementor-button-text\">Prendre un rendez-vous<\/span>\n\t\t\t\t\t<\/span>\n\t\t\t\t\t<\/a>\n\t\t\t\t<\/div>\n\t\t\t\t\t\t\t\t<\/div>\n\t\t\t\t<\/div>\n\t\t\t\t<\/div>\n\t\t\t\t\t<\/div>\n\t\t\t\t<\/div>\n\t\t\t\t<\/div>","protected":false},"excerpt":{"rendered":"<p>Micah Clarke Senior Project Manager and Advisor Associate Areas of Expertise Construction Project Management Constructability Review of Construction Documents Identification of Potential Claims Related to Contract Scope Changes Construction Inspection and Quality Oversight Contract Administration Estimating, Budgeting, and Scheduling Biography Micah Clarke is a Senior Project Manager and Advisor with over 35 years of hands-on [&hellip;]<\/p>\n","protected":false},"author":1,"featured_media":0,"parent":1129,"menu_order":0,"comment_status":"closed","ping_status":"closed","template":"","meta":{"footnotes":""},"class_list":["post-1417","page","type-page","status-publish","hentry"],"_links":{"self":[{"href":"https:\/\/mortazavi-inc.ca\/fr\/wp-json\/wp\/v2\/pages\/1417","targetHints":{"allow":["GET"]}}],"collection":[{"href":"https:\/\/mortazavi-inc.ca\/fr\/wp-json\/wp\/v2\/pages"}],"about":[{"href":"https:\/\/mortazavi-inc.ca\/fr\/wp-json\/wp\/v2\/types\/page"}],"author":[{"embeddable":true,"href":"https:\/\/mortazavi-inc.ca\/fr\/wp-json\/wp\/v2\/users\/1"}],"replies":[{"embeddable":true,"href":"https:\/\/mortazavi-inc.ca\/fr\/wp-json\/wp\/v2\/comments?post=1417"}],"version-history":[{"count":10,"href":"https:\/\/mortazavi-inc.ca\/fr\/wp-json\/wp\/v2\/pages\/1417\/revisions"}],"predecessor-version":[{"id":1679,"href":"https:\/\/mortazavi-inc.ca\/fr\/wp-json\/wp\/v2\/pages\/1417\/revisions\/1679"}],"up":[{"embeddable":true,"href":"https:\/\/mortazavi-inc.ca\/fr\/wp-json\/wp\/v2\/pages\/1129"}],"wp:attachment":[{"href":"https:\/\/mortazavi-inc.ca\/fr\/wp-json\/wp\/v2\/media?parent=1417"}],"curies":[{"name":"wp","href":"https:\/\/api.w.org\/{rel}","templated":true}]}}