{"id":1422,"date":"2025-09-13T01:12:40","date_gmt":"2025-09-13T01:12:40","guid":{"rendered":"https:\/\/lightgoldenrodyellow-viper-261860.hostingersite.com\/?page_id=1422"},"modified":"2025-09-16T14:17:00","modified_gmt":"2025-09-16T14:17:00","slug":"askar-eskandari-p-eng","status":"publish","type":"page","link":"https:\/\/mortazavi-inc.ca\/fr\/our-team\/team-canada\/askar-eskandari-p-eng\/","title":{"rendered":"Askar Eskandari, P.Eng."},"content":{"rendered":"<div data-elementor-type=\"wp-page\" data-elementor-id=\"1422\" class=\"elementor elementor-1422\" data-elementor-post-type=\"page\">\n\t\t\t\t<div class=\"elementor-element elementor-element-2f13771 e-flex e-con-boxed e-con e-parent\" data-id=\"2f13771\" data-element_type=\"container\" data-e-type=\"container\">\n\t\t\t\t\t<div class=\"e-con-inner\">\n\t\t<div class=\"elementor-element elementor-element-4ba1e2b e-con-full e-flex e-con e-child\" data-id=\"4ba1e2b\" data-element_type=\"container\" data-e-type=\"container\">\n\t\t<div class=\"elementor-element elementor-element-6fae901 e-con-full e-flex e-con e-child\" data-id=\"6fae901\" data-element_type=\"container\" data-e-type=\"container\">\n\t\t<div class=\"elementor-element elementor-element-22547a0 e-con-full e-flex e-con e-child\" data-id=\"22547a0\" data-element_type=\"container\" data-e-type=\"container\">\n\t\t\t\t<div class=\"elementor-element elementor-element-d639953 elementor-widget elementor-widget-image\" data-id=\"d639953\" data-element_type=\"widget\" data-e-type=\"widget\" data-widget_type=\"image.default\">\n\t\t\t\t<div class=\"elementor-widget-container\">\n\t\t\t\t\t\t\t\t\t\t\t\t\t\t\t<img fetchpriority=\"high\" decoding=\"async\" width=\"381\" height=\"525\" src=\"https:\/\/mortazavi-inc.ca\/wp-content\/uploads\/2025\/09\/image-86-Photoroom.png\" class=\"attachment-full size-full wp-image-1145\" alt=\"\" srcset=\"https:\/\/mortazavi-inc.ca\/wp-content\/uploads\/2025\/09\/image-86-Photoroom.png 381w, https:\/\/mortazavi-inc.ca\/wp-content\/uploads\/2025\/09\/image-86-Photoroom-218x300.png 218w, https:\/\/mortazavi-inc.ca\/wp-content\/uploads\/2025\/09\/image-86-Photoroom-9x12.png 9w\" sizes=\"(max-width: 381px) 100vw, 381px\" \/>\t\t\t\t\t\t\t\t\t\t\t\t\t\t\t<\/div>\n\t\t\t\t<\/div>\n\t\t\t\t<\/div>\n\t\t<div class=\"elementor-element elementor-element-8560eae e-con-full e-flex e-con e-child\" data-id=\"8560eae\" data-element_type=\"container\" data-e-type=\"container\">\n\t\t\t\t<div class=\"elementor-element elementor-element-ddeebb1 elementor-widget elementor-widget-heading\" data-id=\"ddeebb1\" data-element_type=\"widget\" data-e-type=\"widget\" data-widget_type=\"heading.default\">\n\t\t\t\t<div class=\"elementor-widget-container\">\n\t\t\t\t\t<h2 class=\"elementor-heading-title elementor-size-default\">Askar Eskandari, P.Eng. <\/h2>\t\t\t\t<\/div>\n\t\t\t\t<\/div>\n\t\t\t\t<div class=\"elementor-element elementor-element-877e1bb elementor-widget elementor-widget-heading\" data-id=\"877e1bb\" data-element_type=\"widget\" data-e-type=\"widget\" data-widget_type=\"heading.default\">\n\t\t\t\t<div class=\"elementor-widget-container\">\n\t\t\t\t\t<div class=\"elementor-heading-title elementor-size-default\">Chef de projet principal et Conseiller, Ing\u00e9nieur Civil \u2013 Sp\u00e9cialiste en Construction<\/div>\t\t\t\t<\/div>\n\t\t\t\t<\/div>\n\t\t\t\t<div class=\"elementor-element elementor-element-dcc3370 elementor-widget elementor-widget-heading\" data-id=\"dcc3370\" data-element_type=\"widget\" data-e-type=\"widget\" data-widget_type=\"heading.default\">\n\t\t\t\t<div class=\"elementor-widget-container\">\n\t\t\t\t\t<div class=\"elementor-heading-title elementor-size-default\">Associ\u00e9<\/div>\t\t\t\t<\/div>\n\t\t\t\t<\/div>\n\t\t\t\t<div class=\"elementor-element elementor-element-a3476df elementor-widget elementor-widget-heading\" data-id=\"a3476df\" data-element_type=\"widget\" data-e-type=\"widget\" data-widget_type=\"heading.default\">\n\t\t\t\t<div class=\"elementor-widget-container\">\n\t\t\t\t\t<h2 class=\"elementor-heading-title elementor-size-default\">Domaines d'expertise<\/h2>\t\t\t\t<\/div>\n\t\t\t\t<\/div>\n\t\t\t\t<div class=\"elementor-element elementor-element-eb05db2 elementor-widget elementor-widget-text-editor\" data-id=\"eb05db2\" data-element_type=\"widget\" data-e-type=\"widget\" data-widget_type=\"text-editor.default\">\n\t\t\t\t<div class=\"elementor-widget-container\">\n\t\t\t\t\t\t\t\t\t<ul><li>G\u00e9nie civil<\/li><li>Gestion de projets de construction<\/li><li>Analyse de constructibilit\u00e9 des documents de construction<\/li><li>Identification des r\u00e9clamations potentielles li\u00e9es aux modifications de p\u00e9rim\u00e8tre contractuel<\/li><li>Inspection des travaux et contr\u00f4le qualit\u00e9 en construction<\/li><li>Administration des contrats<\/li><li>Estimation, budg\u00e9tisation et planification<\/li><\/ul>\t\t\t\t\t\t\t\t<\/div>\n\t\t\t\t<\/div>\n\t\t\t\t<\/div>\n\t\t\t\t<\/div>\n\t\t\t\t<div class=\"elementor-element elementor-element-be434be elementor-widget elementor-widget-heading\" data-id=\"be434be\" data-element_type=\"widget\" data-e-type=\"widget\" data-widget_type=\"heading.default\">\n\t\t\t\t<div class=\"elementor-widget-container\">\n\t\t\t\t\t<h2 class=\"elementor-heading-title elementor-size-default\">Biographie<\/h2>\t\t\t\t<\/div>\n\t\t\t\t<\/div>\n\t\t\t\t<div class=\"elementor-element elementor-element-7e20e65 elementor-widget elementor-widget-text-editor\" data-id=\"7e20e65\" data-element_type=\"widget\" data-e-type=\"widget\" data-widget_type=\"text-editor.default\">\n\t\t\t\t<div class=\"elementor-widget-container\">\n\t\t\t\t\t\t\t\t\t<p>Askar Eskandari est ing\u00e9nieur professionnel avec plus de 37 ans d\u2019exp\u00e9rience pratique en ing\u00e9nierie et en construction, couvrant de nombreux secteurs de projets. Titulaire d\u2019un Bachelor of Science en g\u00e9nie civil de l\u2019Universit\u00e9 de Tabriz (Iran), il est ing\u00e9nieur agr\u00e9\u00e9 en Ontario (Canada). Son expertise approfondie englobe le g\u00e9nie civil, la gestion de projets de construction, l\u2019analyse de constructibilit\u00e9 des documents, l\u2019administration contractuelle ainsi que l\u2019analyse technique et contentieuse en construction.<\/p><p>Son exp\u00e9rience en gestion de projets couvre tous types de r\u00e9alisations : projets industriels, commerciaux et institutionnels (ICI), infrastructures, immeubles r\u00e9sidentiels de faible et grande hauteur, projets industriels et d\u00e9veloppements urbains. Il a collabor\u00e9 avec de nombreux promoteurs et entrepreneurs au Canada tout en conservant une solide exp\u00e9rience internationale. Sa capacit\u00e9 d\u00e9montr\u00e9e \u00e0 livrer les projets dans les d\u00e9lais et les budgets impartis s\u2019appuie sur une expertise \u00e9prouv\u00e9e en planification, estimation, administration contractuelle et revue des plans de construction pour en \u00e9valuer la constructibilit\u00e9 et identifier les zones de r\u00e9clamations potentielles.<\/p><p>En tant qu\u2019ing\u00e9nieur civil, Askar poss\u00e8de de solides comp\u00e9tences techniques en conception structurelle, en essais et en inspection d\u2019ouvrages. Son expertise en analyse contentieuse et en pathologie de la construction lui permet d\u2019\u00e9tablir les relations de cause \u00e0 effet dans les d\u00e9faillances structurelles et les litiges. Cette combinaison de savoir-faire technique et de gestion pratique de projets fait de lui un atout particuli\u00e8rement pr\u00e9cieux pour les projets complexes n\u00e9cessitant \u00e0 la fois rigueur technique et supervision strat\u00e9gique.<\/p><p>Askar collabore avec MCCI et Matt Mortazavi depuis le d\u00e9but des ann\u00e9es 2000, apportant plusieurs d\u00e9cennies d\u2019exp\u00e9rience \u00e9prouv\u00e9e en gestion et ex\u00e9cution de projets.<\/p>\t\t\t\t\t\t\t\t<\/div>\n\t\t\t\t<\/div>\n\t\t\t\t<div class=\"elementor-element elementor-element-635e314 elementor-widget elementor-widget-heading\" data-id=\"635e314\" data-element_type=\"widget\" data-e-type=\"widget\" data-widget_type=\"heading.default\">\n\t\t\t\t<div class=\"elementor-widget-container\">\n\t\t\t\t\t<h2 class=\"elementor-heading-title elementor-size-default\">Langues<\/h2>\t\t\t\t<\/div>\n\t\t\t\t<\/div>\n\t\t\t\t<div class=\"elementor-element elementor-element-55f0529 elementor-widget elementor-widget-text-editor\" data-id=\"55f0529\" data-element_type=\"widget\" data-e-type=\"widget\" data-widget_type=\"text-editor.default\">\n\t\t\t\t<div class=\"elementor-widget-container\">\n\t\t\t\t\t\t\t\t\t<p>Anglais<\/p>\t\t\t\t\t\t\t\t<\/div>\n\t\t\t\t<\/div>\n\t\t\t\t<div class=\"elementor-element elementor-element-0b9f607 elementor-widget elementor-widget-heading\" data-id=\"0b9f607\" data-element_type=\"widget\" data-e-type=\"widget\" data-widget_type=\"heading.default\">\n\t\t\t\t<div class=\"elementor-widget-container\">\n\t\t\t\t\t<h2 class=\"elementor-heading-title elementor-size-default\">Principales qualifications<\/h2>\t\t\t\t<\/div>\n\t\t\t\t<\/div>\n\t\t\t\t<div class=\"elementor-element elementor-element-90aad59 elementor-widget elementor-widget-text-editor\" data-id=\"90aad59\" data-element_type=\"widget\" data-e-type=\"widget\" data-widget_type=\"text-editor.default\">\n\t\t\t\t<div class=\"elementor-widget-container\">\n\t\t\t\t\t\t\t\t\t<ul><li>B.Sc. en g\u00e9nie civil \u2013 Universit\u00e9 de Tabriz, Iran<\/li><\/ul>\t\t\t\t\t\t\t\t<\/div>\n\t\t\t\t<\/div>\n\t\t\t\t<div class=\"elementor-element elementor-element-8039e26 elementor-widget elementor-widget-heading\" data-id=\"8039e26\" data-element_type=\"widget\" data-e-type=\"widget\" data-widget_type=\"heading.default\">\n\t\t\t\t<div class=\"elementor-widget-container\">\n\t\t\t\t\t<h2 class=\"elementor-heading-title elementor-size-default\">Affiliations professionnelles<\/h2>\t\t\t\t<\/div>\n\t\t\t\t<\/div>\n\t\t\t\t<div class=\"elementor-element elementor-element-9ae3b99 elementor-widget elementor-widget-text-editor\" data-id=\"9ae3b99\" data-element_type=\"widget\" data-e-type=\"widget\" data-widget_type=\"text-editor.default\">\n\t\t\t\t<div class=\"elementor-widget-container\">\n\t\t\t\t\t\t\t\t\t<ul><li>Professional Engineers Ontario (PEO) \u2013 Ing\u00e9nieur agr\u00e9\u00e9 (P.Eng.)<\/li><\/ul>\t\t\t\t\t\t\t\t<\/div>\n\t\t\t\t<\/div>\n\t\t\t\t<div class=\"elementor-element elementor-element-9ff9640 elementor-align-left elementor-widget elementor-widget-button\" data-id=\"9ff9640\" data-element_type=\"widget\" data-e-type=\"widget\" data-widget_type=\"button.default\">\n\t\t\t\t<div class=\"elementor-widget-container\">\n\t\t\t\t\t\t\t\t\t<div class=\"elementor-button-wrapper\">\n\t\t\t\t\t<a class=\"elementor-button elementor-button-link elementor-size-sm\" href=\"https:\/\/mortazavi-inc.ca\/fr\/contact-us\/\">\n\t\t\t\t\t\t<span class=\"elementor-button-content-wrapper\">\n\t\t\t\t\t\t<span class=\"elementor-button-icon\">\n\t\t\t\t<svg aria-hidden=\"true\" class=\"e-font-icon-svg e-far-calendar\" viewbox=\"0 0 448 512\" xmlns=\"http:\/\/www.w3.org\/2000\/svg\"><path d=\"M400 64h-48V12c0-6.6-5.4-12-12-12h-40c-6.6 0-12 5.4-12 12v52H160V12c0-6.6-5.4-12-12-12h-40c-6.6 0-12 5.4-12 12v52H48C21.5 64 0 85.5 0 112v352c0 26.5 21.5 48 48 48h352c26.5 0 48-21.5 48-48V112c0-26.5-21.5-48-48-48zm-6 400H54c-3.3 0-6-2.7-6-6V160h352v298c0 3.3-2.7 6-6 6z\"><\/path><\/svg>\t\t\t<\/span>\n\t\t\t\t\t\t\t\t\t<span class=\"elementor-button-text\">Prendre un rendez-vous<\/span>\n\t\t\t\t\t<\/span>\n\t\t\t\t\t<\/a>\n\t\t\t\t<\/div>\n\t\t\t\t\t\t\t\t<\/div>\n\t\t\t\t<\/div>\n\t\t\t\t<\/div>\n\t\t\t\t\t<\/div>\n\t\t\t\t<\/div>\n\t\t\t\t<\/div>","protected":false},"excerpt":{"rendered":"<p>Askar Eskandari, P.Eng. Senior Project Manager and Advisor, Civil Engineer \u2013 Construction Specialist Associate Areas of Expertise Civil Engineering Construction Project Management Constructability Review of Construction Documents Identification of Potential Claims Related to Contract Scope Changes Construction Inspection and Quality Oversight Contract Administration Estimating, Budgeting, and Scheduling Biography Askar Eskandari is a Professional Engineer with [&hellip;]<\/p>\n","protected":false},"author":1,"featured_media":0,"parent":1129,"menu_order":0,"comment_status":"closed","ping_status":"closed","template":"","meta":{"footnotes":""},"class_list":["post-1422","page","type-page","status-publish","hentry"],"_links":{"self":[{"href":"https:\/\/mortazavi-inc.ca\/fr\/wp-json\/wp\/v2\/pages\/1422","targetHints":{"allow":["GET"]}}],"collection":[{"href":"https:\/\/mortazavi-inc.ca\/fr\/wp-json\/wp\/v2\/pages"}],"about":[{"href":"https:\/\/mortazavi-inc.ca\/fr\/wp-json\/wp\/v2\/types\/page"}],"author":[{"embeddable":true,"href":"https:\/\/mortazavi-inc.ca\/fr\/wp-json\/wp\/v2\/users\/1"}],"replies":[{"embeddable":true,"href":"https:\/\/mortazavi-inc.ca\/fr\/wp-json\/wp\/v2\/comments?post=1422"}],"version-history":[{"count":10,"href":"https:\/\/mortazavi-inc.ca\/fr\/wp-json\/wp\/v2\/pages\/1422\/revisions"}],"predecessor-version":[{"id":1676,"href":"https:\/\/mortazavi-inc.ca\/fr\/wp-json\/wp\/v2\/pages\/1422\/revisions\/1676"}],"up":[{"embeddable":true,"href":"https:\/\/mortazavi-inc.ca\/fr\/wp-json\/wp\/v2\/pages\/1129"}],"wp:attachment":[{"href":"https:\/\/mortazavi-inc.ca\/fr\/wp-json\/wp\/v2\/media?parent=1422"}],"curies":[{"name":"wp","href":"https:\/\/api.w.org\/{rel}","templated":true}]}}