{"id":1427,"date":"2025-09-13T01:14:10","date_gmt":"2025-09-13T01:14:10","guid":{"rendered":"https:\/\/lightgoldenrodyellow-viper-261860.hostingersite.com\/?page_id=1427"},"modified":"2025-09-16T14:16:54","modified_gmt":"2025-09-16T14:16:54","slug":"amir-kavandinejad-p-eng","status":"publish","type":"page","link":"https:\/\/mortazavi-inc.ca\/fr\/our-team\/team-canada\/amir-kavandinejad-p-eng\/","title":{"rendered":"\u00a0Amir Kavandinejad, P.Eng."},"content":{"rendered":"<div data-elementor-type=\"wp-page\" data-elementor-id=\"1427\" class=\"elementor elementor-1427\" data-elementor-post-type=\"page\">\n\t\t\t\t<div class=\"elementor-element elementor-element-e59b633 e-flex e-con-boxed e-con e-parent\" data-id=\"e59b633\" data-element_type=\"container\" data-e-type=\"container\">\n\t\t\t\t\t<div class=\"e-con-inner\">\n\t\t<div class=\"elementor-element elementor-element-624b2b7 e-con-full e-flex e-con e-child\" data-id=\"624b2b7\" data-element_type=\"container\" data-e-type=\"container\">\n\t\t<div class=\"elementor-element elementor-element-c236b28 e-con-full e-flex e-con e-child\" data-id=\"c236b28\" data-element_type=\"container\" data-e-type=\"container\">\n\t\t<div class=\"elementor-element elementor-element-55d1a1e e-con-full e-flex e-con e-child\" data-id=\"55d1a1e\" data-element_type=\"container\" data-e-type=\"container\">\n\t\t\t\t<div class=\"elementor-element elementor-element-96b25c0 elementor-widget elementor-widget-image\" data-id=\"96b25c0\" data-element_type=\"widget\" data-e-type=\"widget\" data-widget_type=\"image.default\">\n\t\t\t\t<div class=\"elementor-widget-container\">\n\t\t\t\t\t\t\t\t\t\t\t\t\t\t\t<img fetchpriority=\"high\" decoding=\"async\" width=\"381\" height=\"525\" src=\"https:\/\/mortazavi-inc.ca\/wp-content\/uploads\/2025\/09\/image-87-Photoroom.png\" class=\"attachment-full size-full wp-image-1146\" alt=\"\" srcset=\"https:\/\/mortazavi-inc.ca\/wp-content\/uploads\/2025\/09\/image-87-Photoroom.png 381w, https:\/\/mortazavi-inc.ca\/wp-content\/uploads\/2025\/09\/image-87-Photoroom-218x300.png 218w, https:\/\/mortazavi-inc.ca\/wp-content\/uploads\/2025\/09\/image-87-Photoroom-9x12.png 9w\" sizes=\"(max-width: 381px) 100vw, 381px\" \/>\t\t\t\t\t\t\t\t\t\t\t\t\t\t\t<\/div>\n\t\t\t\t<\/div>\n\t\t\t\t<\/div>\n\t\t<div class=\"elementor-element elementor-element-c60a240 e-con-full e-flex e-con e-child\" data-id=\"c60a240\" data-element_type=\"container\" data-e-type=\"container\">\n\t\t\t\t<div class=\"elementor-element elementor-element-e156b16 elementor-widget elementor-widget-heading\" data-id=\"e156b16\" data-element_type=\"widget\" data-e-type=\"widget\" data-widget_type=\"heading.default\">\n\t\t\t\t<div class=\"elementor-widget-container\">\n\t\t\t\t\t<h2 class=\"elementor-heading-title elementor-size-default\"> Amir Kavandinejad, P.Eng.<\/h2>\t\t\t\t<\/div>\n\t\t\t\t<\/div>\n\t\t\t\t<div class=\"elementor-element elementor-element-1547f66 elementor-widget elementor-widget-heading\" data-id=\"1547f66\" data-element_type=\"widget\" data-e-type=\"widget\" data-widget_type=\"heading.default\">\n\t\t\t\t<div class=\"elementor-widget-container\">\n\t\t\t\t\t<div class=\"elementor-heading-title elementor-size-default\">Chef de projet principal et Conseiller, Ing\u00e9nieur Civil \u2013 Sp\u00e9cialiste en Construction<\/div>\t\t\t\t<\/div>\n\t\t\t\t<\/div>\n\t\t\t\t<div class=\"elementor-element elementor-element-9d5b50d elementor-widget elementor-widget-heading\" data-id=\"9d5b50d\" data-element_type=\"widget\" data-e-type=\"widget\" data-widget_type=\"heading.default\">\n\t\t\t\t<div class=\"elementor-widget-container\">\n\t\t\t\t\t<div class=\"elementor-heading-title elementor-size-default\">Associ\u00e9<\/div>\t\t\t\t<\/div>\n\t\t\t\t<\/div>\n\t\t\t\t<div class=\"elementor-element elementor-element-9b8c722 elementor-widget elementor-widget-heading\" data-id=\"9b8c722\" data-element_type=\"widget\" data-e-type=\"widget\" data-widget_type=\"heading.default\">\n\t\t\t\t<div class=\"elementor-widget-container\">\n\t\t\t\t\t<h2 class=\"elementor-heading-title elementor-size-default\">Domaines d'expertise<\/h2>\t\t\t\t<\/div>\n\t\t\t\t<\/div>\n\t\t\t\t<div class=\"elementor-element elementor-element-500b7ca elementor-widget elementor-widget-text-editor\" data-id=\"500b7ca\" data-element_type=\"widget\" data-e-type=\"widget\" data-widget_type=\"text-editor.default\">\n\t\t\t\t<div class=\"elementor-widget-container\">\n\t\t\t\t\t\t\t\t\t<ul><li>G\u00e9nie civil<\/li><li>Gestion de projets de construction<\/li><li>Analyse de constructibilit\u00e9 des documents de construction<\/li><li>Identification des r\u00e9clamations potentielles li\u00e9es aux modifications de p\u00e9rim\u00e8tre contractuel<\/li><li>Inspection des travaux et contr\u00f4le qualit\u00e9 en construction<\/li><li>Administration des contrats<\/li><\/ul>\t\t\t\t\t\t\t\t<\/div>\n\t\t\t\t<\/div>\n\t\t\t\t<\/div>\n\t\t\t\t<\/div>\n\t\t\t\t<div class=\"elementor-element elementor-element-dcfbde2 elementor-widget elementor-widget-heading\" data-id=\"dcfbde2\" data-element_type=\"widget\" data-e-type=\"widget\" data-widget_type=\"heading.default\">\n\t\t\t\t<div class=\"elementor-widget-container\">\n\t\t\t\t\t<h2 class=\"elementor-heading-title elementor-size-default\">Biographie<\/h2>\t\t\t\t<\/div>\n\t\t\t\t<\/div>\n\t\t\t\t<div class=\"elementor-element elementor-element-bae5446 elementor-widget elementor-widget-text-editor\" data-id=\"bae5446\" data-element_type=\"widget\" data-e-type=\"widget\" data-widget_type=\"text-editor.default\">\n\t\t\t\t<div class=\"elementor-widget-container\">\n\t\t\t\t\t\t\t\t\t<p>Amir Kavandinejad est ing\u00e9nieur en structures chevronn\u00e9, avec plus de trente ans d\u2019exp\u00e9rience en construction lourde et en gestion de projets. Il est titulaire d\u2019un Bachelor of Science (B.Sc.) en g\u00e9nie civil de l\u2019University of Science and Technology et est ing\u00e9nieur agr\u00e9\u00e9 (P.Eng.) en Ontario (Canada). Son expertise couvre le g\u00e9nie civil, la gestion de projets de construction, l\u2019analyse de constructibilit\u00e9 des documents, l\u2019administration contractuelle ainsi que la supervision compl\u00e8te de projets, de l\u2019estimation initiale \u00e0 l\u2019ach\u00e8vement.<\/p><p>Son portefeuille de projets comprend de grandes infrastructures de transport telles que l\u2019\u00e9largissement de l\u2019autoroute 401, le projet Renforth Gateway BRT, le tunnel et les voies de Georgetown South Weston ainsi que la r\u00e9habilitation structurelle des ponts PEV et Addington. Son exp\u00e9rience municipale inclut la construction de stations de pompage dans la r\u00e9gion d\u2019Oakville\u2013Halton, la remise en \u00e9tat de conduites de gaz \u00e0 Toronto et le Southeast Collector Tunnel. Il dispose de comp\u00e9tences techniques avanc\u00e9es en conception et analyse structurelle, avec ma\u00eetrise des logiciels SAP2000 et STAAD.Pro, et d\u2019une exp\u00e9rience \u00e9tendue en conception de structures en b\u00e9ton et en acier selon les normes ACI, AISC et autres codes du b\u00e2timent applicables.<\/p><p>Au-del\u00e0 de la construction lourde, Amir poss\u00e8de une solide exp\u00e9rience en construction de b\u00e2timents, ayant exerc\u00e9 comme project manager et superviseur de chantiers pour des projets r\u00e9sidentiels (faible et grande hauteur), industriels, commerciaux et institutionnels. Son ensemble de comp\u00e9tences englobe la supervision de chantier, la r\u00e9solution de probl\u00e8mes et le leadership dans des projets internationaux complexes. Amir collabore avec MCCI et son fondateur Matt Mortazavi depuis le d\u00e9but des ann\u00e9es 2000, apportant une expertise \u00e9prouv\u00e9e dans la gestion de projets de construction diversifi\u00e9s et dans la mise en \u0153uvre de solutions techniques pour des probl\u00e9matiques d\u2019ing\u00e9nierie exigeantes.<\/p>\t\t\t\t\t\t\t\t<\/div>\n\t\t\t\t<\/div>\n\t\t\t\t<div class=\"elementor-element elementor-element-1f424cf elementor-widget elementor-widget-heading\" data-id=\"1f424cf\" data-element_type=\"widget\" data-e-type=\"widget\" data-widget_type=\"heading.default\">\n\t\t\t\t<div class=\"elementor-widget-container\">\n\t\t\t\t\t<h2 class=\"elementor-heading-title elementor-size-default\">Langues<\/h2>\t\t\t\t<\/div>\n\t\t\t\t<\/div>\n\t\t\t\t<div class=\"elementor-element elementor-element-8accc45 elementor-widget elementor-widget-text-editor\" data-id=\"8accc45\" data-element_type=\"widget\" data-e-type=\"widget\" data-widget_type=\"text-editor.default\">\n\t\t\t\t<div class=\"elementor-widget-container\">\n\t\t\t\t\t\t\t\t\t<p>Anglais<\/p>\t\t\t\t\t\t\t\t<\/div>\n\t\t\t\t<\/div>\n\t\t\t\t<div class=\"elementor-element elementor-element-01feb32 elementor-widget elementor-widget-heading\" data-id=\"01feb32\" data-element_type=\"widget\" data-e-type=\"widget\" data-widget_type=\"heading.default\">\n\t\t\t\t<div class=\"elementor-widget-container\">\n\t\t\t\t\t<h2 class=\"elementor-heading-title elementor-size-default\">Principales qualifications<\/h2>\t\t\t\t<\/div>\n\t\t\t\t<\/div>\n\t\t\t\t<div class=\"elementor-element elementor-element-9e86302 elementor-widget elementor-widget-text-editor\" data-id=\"9e86302\" data-element_type=\"widget\" data-e-type=\"widget\" data-widget_type=\"text-editor.default\">\n\t\t\t\t<div class=\"elementor-widget-container\">\n\t\t\t\t\t\t\t\t\t<ul><li>B.Sc. en g\u00e9nie civil \u2013 University of Science and Technology<\/li><\/ul>\t\t\t\t\t\t\t\t<\/div>\n\t\t\t\t<\/div>\n\t\t\t\t<div class=\"elementor-element elementor-element-0abf9f2 elementor-widget elementor-widget-heading\" data-id=\"0abf9f2\" data-element_type=\"widget\" data-e-type=\"widget\" data-widget_type=\"heading.default\">\n\t\t\t\t<div class=\"elementor-widget-container\">\n\t\t\t\t\t<h2 class=\"elementor-heading-title elementor-size-default\">Affiliations professionnelles<\/h2>\t\t\t\t<\/div>\n\t\t\t\t<\/div>\n\t\t\t\t<div class=\"elementor-element elementor-element-8559c02 elementor-widget elementor-widget-text-editor\" data-id=\"8559c02\" data-element_type=\"widget\" data-e-type=\"widget\" data-widget_type=\"text-editor.default\">\n\t\t\t\t<div class=\"elementor-widget-container\">\n\t\t\t\t\t\t\t\t\t<ul><li>Professional Engineers Ontario (PEO) \u2013 Ing\u00e9nieur agr\u00e9\u00e9 (P.Eng.)<\/li><\/ul>\t\t\t\t\t\t\t\t<\/div>\n\t\t\t\t<\/div>\n\t\t\t\t<div class=\"elementor-element elementor-element-c503609 elementor-align-left elementor-widget elementor-widget-button\" data-id=\"c503609\" data-element_type=\"widget\" data-e-type=\"widget\" data-widget_type=\"button.default\">\n\t\t\t\t<div class=\"elementor-widget-container\">\n\t\t\t\t\t\t\t\t\t<div class=\"elementor-button-wrapper\">\n\t\t\t\t\t<a class=\"elementor-button elementor-button-link elementor-size-sm\" href=\"https:\/\/mortazavi-inc.ca\/fr\/contact-us\/\">\n\t\t\t\t\t\t<span class=\"elementor-button-content-wrapper\">\n\t\t\t\t\t\t<span class=\"elementor-button-icon\">\n\t\t\t\t<svg aria-hidden=\"true\" class=\"e-font-icon-svg e-far-calendar\" viewbox=\"0 0 448 512\" xmlns=\"http:\/\/www.w3.org\/2000\/svg\"><path d=\"M400 64h-48V12c0-6.6-5.4-12-12-12h-40c-6.6 0-12 5.4-12 12v52H160V12c0-6.6-5.4-12-12-12h-40c-6.6 0-12 5.4-12 12v52H48C21.5 64 0 85.5 0 112v352c0 26.5 21.5 48 48 48h352c26.5 0 48-21.5 48-48V112c0-26.5-21.5-48-48-48zm-6 400H54c-3.3 0-6-2.7-6-6V160h352v298c0 3.3-2.7 6-6 6z\"><\/path><\/svg>\t\t\t<\/span>\n\t\t\t\t\t\t\t\t\t<span class=\"elementor-button-text\">Prendre un rendez-vous<\/span>\n\t\t\t\t\t<\/span>\n\t\t\t\t\t<\/a>\n\t\t\t\t<\/div>\n\t\t\t\t\t\t\t\t<\/div>\n\t\t\t\t<\/div>\n\t\t\t\t<\/div>\n\t\t\t\t\t<\/div>\n\t\t\t\t<\/div>\n\t\t\t\t<\/div>","protected":false},"excerpt":{"rendered":"<p>Amir Kavandinejad, P.Eng. Senior Project Manager and Advisor, Civil Engineer \u2013 Construction Specialist Associate Areas of Expertise Civil Engineering Construction Project Management Constructability Review of Construction Documents Identification of Potential Claims Related to Contract Scope Changes Construction Inspection and Quality Oversight Contract Administration Biography Amir Kavandinejad is a seasoned structural engineer with over three decades [&hellip;]<\/p>\n","protected":false},"author":1,"featured_media":0,"parent":1129,"menu_order":0,"comment_status":"closed","ping_status":"closed","template":"","meta":{"footnotes":""},"class_list":["post-1427","page","type-page","status-publish","hentry"],"_links":{"self":[{"href":"https:\/\/mortazavi-inc.ca\/fr\/wp-json\/wp\/v2\/pages\/1427","targetHints":{"allow":["GET"]}}],"collection":[{"href":"https:\/\/mortazavi-inc.ca\/fr\/wp-json\/wp\/v2\/pages"}],"about":[{"href":"https:\/\/mortazavi-inc.ca\/fr\/wp-json\/wp\/v2\/types\/page"}],"author":[{"embeddable":true,"href":"https:\/\/mortazavi-inc.ca\/fr\/wp-json\/wp\/v2\/users\/1"}],"replies":[{"embeddable":true,"href":"https:\/\/mortazavi-inc.ca\/fr\/wp-json\/wp\/v2\/comments?post=1427"}],"version-history":[{"count":10,"href":"https:\/\/mortazavi-inc.ca\/fr\/wp-json\/wp\/v2\/pages\/1427\/revisions"}],"predecessor-version":[{"id":1670,"href":"https:\/\/mortazavi-inc.ca\/fr\/wp-json\/wp\/v2\/pages\/1427\/revisions\/1670"}],"up":[{"embeddable":true,"href":"https:\/\/mortazavi-inc.ca\/fr\/wp-json\/wp\/v2\/pages\/1129"}],"wp:attachment":[{"href":"https:\/\/mortazavi-inc.ca\/fr\/wp-json\/wp\/v2\/media?parent=1427"}],"curies":[{"name":"wp","href":"https:\/\/api.w.org\/{rel}","templated":true}]}}