{"id":16,"date":"2025-07-03T05:54:18","date_gmt":"2025-07-03T05:54:18","guid":{"rendered":"https:\/\/lightgoldenrodyellow-viper-261860.hostingersite.com\/?page_id=16"},"modified":"2025-09-13T01:44:41","modified_gmt":"2025-09-13T01:44:41","slug":"services","status":"publish","type":"page","link":"https:\/\/mortazavi-inc.ca\/fr\/services\/","title":{"rendered":"Services"},"content":{"rendered":"<div data-elementor-type=\"wp-page\" data-elementor-id=\"16\" class=\"elementor elementor-16\" data-elementor-post-type=\"page\">\n\t\t\t\t<div class=\"elementor-element elementor-element-c5d3cda e-flex e-con-boxed e-con e-parent\" data-id=\"c5d3cda\" data-element_type=\"container\" data-e-type=\"container\" data-settings=\"{&quot;background_background&quot;:&quot;classic&quot;}\">\n\t\t\t\t\t<div class=\"e-con-inner\">\n\t\t\t\t<div class=\"elementor-element elementor-element-75d0828 elementor-widget elementor-widget-heading\" data-id=\"75d0828\" data-element_type=\"widget\" data-e-type=\"widget\" data-widget_type=\"heading.default\">\n\t\t\t\t<div class=\"elementor-widget-container\">\n\t\t\t\t\t<h1 class=\"elementor-heading-title elementor-size-default\">Nos services<\/h1>\t\t\t\t<\/div>\n\t\t\t\t<\/div>\n\t\t\t\t\t<\/div>\n\t\t\t\t<\/div>\n\t\t<div class=\"elementor-element elementor-element-74c31da e-flex e-con-boxed e-con e-parent\" data-id=\"74c31da\" data-element_type=\"container\" data-e-type=\"container\">\n\t\t\t\t\t<div class=\"e-con-inner\">\n\t\t\t\t<div class=\"elementor-element elementor-element-d22f9df elementor-widget elementor-widget-heading\" data-id=\"d22f9df\" data-element_type=\"widget\" data-e-type=\"widget\" data-widget_type=\"heading.default\">\n\t\t\t\t<div class=\"elementor-widget-container\">\n\t\t\t\t\t<h2 class=\"elementor-heading-title elementor-size-default\">Ce que nous faisons\n<\/h2>\t\t\t\t<\/div>\n\t\t\t\t<\/div>\n\t\t<div class=\"elementor-element elementor-element-2c38fe5 e-con-full e-flex e-con e-child\" data-id=\"2c38fe5\" data-element_type=\"container\" data-e-type=\"container\">\n\t\t\t\t<div class=\"elementor-element elementor-element-140c7b4 elementor-widget elementor-widget-heading\" data-id=\"140c7b4\" data-element_type=\"widget\" data-e-type=\"widget\" data-widget_type=\"heading.default\">\n\t\t\t\t<div class=\"elementor-widget-container\">\n\t\t\t\t\t<h3 class=\"elementor-heading-title elementor-size-default\">Services-conseils complets en construction, con\u00e7us pour minimiser les risques, r\u00e9soudre efficacement les litiges et garantir la r\u00e9ussite des projets.<\/h3>\t\t\t\t<\/div>\n\t\t\t\t<\/div>\n\t\t\t\t<\/div>\n\t\t<div class=\"elementor-element elementor-element-ccd59c9 e-con-full e-flex e-con e-child\" data-id=\"ccd59c9\" data-element_type=\"container\" data-e-type=\"container\" data-settings=\"{&quot;background_background&quot;:&quot;classic&quot;}\">\n\t\t<div class=\"elementor-element elementor-element-bc3f4fc e-con-full e-flex e-con e-child\" data-id=\"bc3f4fc\" data-element_type=\"container\" data-e-type=\"container\" data-settings=\"{&quot;background_background&quot;:&quot;classic&quot;}\">\n\t\t<div class=\"elementor-element elementor-element-b6b1fa6 e-con-full e-flex e-con e-child\" data-id=\"b6b1fa6\" data-element_type=\"container\" data-e-type=\"container\">\n\t\t\t\t<div class=\"elementor-element elementor-element-6a891de elementor-view-default elementor-widget elementor-widget-icon\" data-id=\"6a891de\" data-element_type=\"widget\" data-e-type=\"widget\" data-widget_type=\"icon.default\">\n\t\t\t\t<div class=\"elementor-widget-container\">\n\t\t\t\t\t\t\t<div class=\"elementor-icon-wrapper\">\n\t\t\t<div class=\"elementor-icon\">\n\t\t\t<svg aria-hidden=\"true\" class=\"e-font-icon-svg e-fas-balance-scale\" viewbox=\"0 0 640 512\" xmlns=\"http:\/\/www.w3.org\/2000\/svg\"><path d=\"M256 336h-.02c0-16.18 1.34-8.73-85.05-181.51-17.65-35.29-68.19-35.36-85.87 0C-2.06 328.75.02 320.33.02 336H0c0 44.18 57.31 80 128 80s128-35.82 128-80zM128 176l72 144H56l72-144zm511.98 160c0-16.18 1.34-8.73-85.05-181.51-17.65-35.29-68.19-35.36-85.87 0-87.12 174.26-85.04 165.84-85.04 181.51H384c0 44.18 57.31 80 128 80s128-35.82 128-80h-.02zM440 320l72-144 72 144H440zm88 128H352V153.25c23.51-10.29 41.16-31.48 46.39-57.25H528c8.84 0 16-7.16 16-16V48c0-8.84-7.16-16-16-16H383.64C369.04 12.68 346.09 0 320 0s-49.04 12.68-63.64 32H112c-8.84 0-16 7.16-16 16v32c0 8.84 7.16 16 16 16h129.61c5.23 25.76 22.87 46.96 46.39 57.25V448H112c-8.84 0-16 7.16-16 16v32c0 8.84 7.16 16 16 16h416c8.84 0 16-7.16 16-16v-32c0-8.84-7.16-16-16-16z\"><\/path><\/svg>\t\t\t<\/div>\n\t\t<\/div>\n\t\t\t\t\t\t<\/div>\n\t\t\t\t<\/div>\n\t\t\t\t<div class=\"elementor-element elementor-element-9508e69 elementor-widget elementor-widget-heading\" data-id=\"9508e69\" data-element_type=\"widget\" data-e-type=\"widget\" data-widget_type=\"heading.default\">\n\t\t\t\t<div class=\"elementor-widget-container\">\n\t\t\t\t\t<h3 class=\"elementor-heading-title elementor-size-default\">ADR et soutien aux litiges<\/h3>\t\t\t\t<\/div>\n\t\t\t\t<\/div>\n\t\t\t\t<div class=\"elementor-element elementor-element-770613d elementor-widget elementor-widget-heading\" data-id=\"770613d\" data-element_type=\"widget\" data-e-type=\"widget\" data-widget_type=\"heading.default\">\n\t\t\t\t<div class=\"elementor-widget-container\">\n\t\t\t\t\t<div class=\"elementor-heading-title elementor-size-default\">R\u00e9solvez les litiges par l'adjudication, l'arbitrage, la m\u00e9diation et le soutien aux litiges sans batailles judiciaires longues et co\u00fbteuses. Notre expertise vous guide \u00e0 travers les processus de la loi sur l'adjudication en construction.<\/div>\t\t\t\t<\/div>\n\t\t\t\t<\/div>\n\t\t\t\t<\/div>\n\t\t\t\t<div class=\"elementor-element elementor-element-740c49f elementor-align-justify elementor-widget elementor-widget-button\" data-id=\"740c49f\" data-element_type=\"widget\" data-e-type=\"widget\" data-widget_type=\"button.default\">\n\t\t\t\t<div class=\"elementor-widget-container\">\n\t\t\t\t\t\t\t\t\t<div class=\"elementor-button-wrapper\">\n\t\t\t\t\t<a class=\"elementor-button elementor-button-link elementor-size-sm\" href=\"#adr\">\n\t\t\t\t\t\t<span class=\"elementor-button-content-wrapper\">\n\t\t\t\t\t\t\t\t\t<span class=\"elementor-button-text\">En savoir plus<\/span>\n\t\t\t\t\t<\/span>\n\t\t\t\t\t<\/a>\n\t\t\t\t<\/div>\n\t\t\t\t\t\t\t\t<\/div>\n\t\t\t\t<\/div>\n\t\t\t\t<\/div>\n\t\t<div class=\"elementor-element elementor-element-7434ab3 e-con-full e-flex e-con e-child\" data-id=\"7434ab3\" data-element_type=\"container\" data-e-type=\"container\" data-settings=\"{&quot;background_background&quot;:&quot;classic&quot;}\">\n\t\t<div class=\"elementor-element elementor-element-ff72ab8 e-con-full e-flex e-con e-child\" data-id=\"ff72ab8\" data-element_type=\"container\" data-e-type=\"container\">\n\t\t\t\t<div class=\"elementor-element elementor-element-8b56252 elementor-view-default elementor-widget elementor-widget-icon\" data-id=\"8b56252\" data-element_type=\"widget\" data-e-type=\"widget\" data-widget_type=\"icon.default\">\n\t\t\t\t<div class=\"elementor-widget-container\">\n\t\t\t\t\t\t\t<div class=\"elementor-icon-wrapper\">\n\t\t\t<div class=\"elementor-icon\">\n\t\t\t<svg aria-hidden=\"true\" class=\"e-font-icon-svg e-fas-search\" viewbox=\"0 0 512 512\" xmlns=\"http:\/\/www.w3.org\/2000\/svg\"><path d=\"M505 442.7L405.3 343c-4.5-4.5-10.6-7-17-7H372c27.6-35.3 44-79.7 44-128C416 93.1 322.9 0 208 0S0 93.1 0 208s93.1 208 208 208c48.3 0 92.7-16.4 128-44v16.3c0 6.4 2.5 12.5 7 17l99.7 99.7c9.4 9.4 24.6 9.4 33.9 0l28.3-28.3c9.4-9.4 9.4-24.6.1-34zM208 336c-70.7 0-128-57.2-128-128 0-70.7 57.2-128 128-128 70.7 0 128 57.2 128 128 0 70.7-57.2 128-128 128z\"><\/path><\/svg>\t\t\t<\/div>\n\t\t<\/div>\n\t\t\t\t\t\t<\/div>\n\t\t\t\t<\/div>\n\t\t\t\t<div class=\"elementor-element elementor-element-9ab63cc elementor-widget elementor-widget-heading\" data-id=\"9ab63cc\" data-element_type=\"widget\" data-e-type=\"widget\" data-widget_type=\"heading.default\">\n\t\t\t\t<div class=\"elementor-widget-container\">\n\t\t\t\t\t<h3 class=\"elementor-heading-title elementor-size-default\">Conseil en \u0421onstruction<\/h3>\t\t\t\t<\/div>\n\t\t\t\t<\/div>\n\t\t\t\t<div class=\"elementor-element elementor-element-c9d2a3b elementor-widget elementor-widget-heading\" data-id=\"c9d2a3b\" data-element_type=\"widget\" data-e-type=\"widget\" data-widget_type=\"heading.default\">\n\t\t\t\t<div class=\"elementor-widget-container\">\n\t\t\t\t\t<div class=\"elementor-heading-title elementor-size-default\">Identifiez et g\u00e9rez les risques de mani\u00e8re proactive gr\u00e2ce \u00e0 l'examen des contrats, \u00e0 l'analyse des approvisionnements et au conseil en construction m\u00e9dico-l\u00e9gal avant que les probl\u00e8mes ne s'aggravent.\n<\/div>\t\t\t\t<\/div>\n\t\t\t\t<\/div>\n\t\t\t\t<\/div>\n\t\t\t\t<div class=\"elementor-element elementor-element-df9f648 elementor-align-justify elementor-widget elementor-widget-button\" data-id=\"df9f648\" data-element_type=\"widget\" data-e-type=\"widget\" data-widget_type=\"button.default\">\n\t\t\t\t<div class=\"elementor-widget-container\">\n\t\t\t\t\t\t\t\t\t<div class=\"elementor-button-wrapper\">\n\t\t\t\t\t<a class=\"elementor-button elementor-button-link elementor-size-sm\" href=\"#construction\">\n\t\t\t\t\t\t<span class=\"elementor-button-content-wrapper\">\n\t\t\t\t\t\t\t\t\t<span class=\"elementor-button-text\">En savoir plus<\/span>\n\t\t\t\t\t<\/span>\n\t\t\t\t\t<\/a>\n\t\t\t\t<\/div>\n\t\t\t\t\t\t\t\t<\/div>\n\t\t\t\t<\/div>\n\t\t\t\t<\/div>\n\t\t<div class=\"elementor-element elementor-element-9099cbb e-con-full e-flex e-con e-child\" data-id=\"9099cbb\" data-element_type=\"container\" data-e-type=\"container\" data-settings=\"{&quot;background_background&quot;:&quot;classic&quot;}\">\n\t\t<div class=\"elementor-element elementor-element-952b77e e-con-full e-flex e-con e-child\" data-id=\"952b77e\" data-element_type=\"container\" data-e-type=\"container\">\n\t\t\t\t<div class=\"elementor-element elementor-element-50bf660 elementor-view-default elementor-widget elementor-widget-icon\" data-id=\"50bf660\" data-element_type=\"widget\" data-e-type=\"widget\" data-widget_type=\"icon.default\">\n\t\t\t\t<div class=\"elementor-widget-container\">\n\t\t\t\t\t\t\t<div class=\"elementor-icon-wrapper\">\n\t\t\t<div class=\"elementor-icon\">\n\t\t\t<svg aria-hidden=\"true\" class=\"e-font-icon-svg e-far-building\" viewbox=\"0 0 448 512\" xmlns=\"http:\/\/www.w3.org\/2000\/svg\"><path d=\"M128 148v-40c0-6.6 5.4-12 12-12h40c6.6 0 12 5.4 12 12v40c0 6.6-5.4 12-12 12h-40c-6.6 0-12-5.4-12-12zm140 12h40c6.6 0 12-5.4 12-12v-40c0-6.6-5.4-12-12-12h-40c-6.6 0-12 5.4-12 12v40c0 6.6 5.4 12 12 12zm-128 96h40c6.6 0 12-5.4 12-12v-40c0-6.6-5.4-12-12-12h-40c-6.6 0-12 5.4-12 12v40c0 6.6 5.4 12 12 12zm128 0h40c6.6 0 12-5.4 12-12v-40c0-6.6-5.4-12-12-12h-40c-6.6 0-12 5.4-12 12v40c0 6.6 5.4 12 12 12zm-76 84v-40c0-6.6-5.4-12-12-12h-40c-6.6 0-12 5.4-12 12v40c0 6.6 5.4 12 12 12h40c6.6 0 12-5.4 12-12zm76 12h40c6.6 0 12-5.4 12-12v-40c0-6.6-5.4-12-12-12h-40c-6.6 0-12 5.4-12 12v40c0 6.6 5.4 12 12 12zm180 124v36H0v-36c0-6.6 5.4-12 12-12h19.5V24c0-13.3 10.7-24 24-24h337c13.3 0 24 10.7 24 24v440H436c6.6 0 12 5.4 12 12zM79.5 463H192v-67c0-6.6 5.4-12 12-12h40c6.6 0 12 5.4 12 12v67h112.5V49L80 48l-.5 415z\"><\/path><\/svg>\t\t\t<\/div>\n\t\t<\/div>\n\t\t\t\t\t\t<\/div>\n\t\t\t\t<\/div>\n\t\t\t\t<div class=\"elementor-element elementor-element-4e5d051 elementor-widget elementor-widget-heading\" data-id=\"4e5d051\" data-element_type=\"widget\" data-e-type=\"widget\" data-widget_type=\"heading.default\">\n\t\t\t\t<div class=\"elementor-widget-container\">\n\t\t\t\t\t<h3 class=\"elementor-heading-title elementor-size-default\">Gestion de projet<\/h3>\t\t\t\t<\/div>\n\t\t\t\t<\/div>\n\t\t\t\t<div class=\"elementor-element elementor-element-8f30ef2 elementor-widget elementor-widget-heading\" data-id=\"8f30ef2\" data-element_type=\"widget\" data-e-type=\"widget\" data-widget_type=\"heading.default\">\n\t\t\t\t<div class=\"elementor-widget-container\">\n\t\t\t\t\t<div class=\"elementor-heading-title elementor-size-default\">Assurez-vous que vos projets de construction respectent les objectifs de budget, d'\u00e9ch\u00e9ancier et de qualit\u00e9 gr\u00e2ce \u00e0 une gestion de projet et \u00e0 des strat\u00e9gies d'att\u00e9nuation des risques men\u00e9es par des experts.<\/div>\t\t\t\t<\/div>\n\t\t\t\t<\/div>\n\t\t\t\t<\/div>\n\t\t\t\t<div class=\"elementor-element elementor-element-a991e34 elementor-align-justify elementor-widget elementor-widget-button\" data-id=\"a991e34\" data-element_type=\"widget\" data-e-type=\"widget\" data-widget_type=\"button.default\">\n\t\t\t\t<div class=\"elementor-widget-container\">\n\t\t\t\t\t\t\t\t\t<div class=\"elementor-button-wrapper\">\n\t\t\t\t\t<a class=\"elementor-button elementor-button-link elementor-size-sm\" href=\"#pm\">\n\t\t\t\t\t\t<span class=\"elementor-button-content-wrapper\">\n\t\t\t\t\t\t\t\t\t<span class=\"elementor-button-text\">En savoir plus<\/span>\n\t\t\t\t\t<\/span>\n\t\t\t\t\t<\/a>\n\t\t\t\t<\/div>\n\t\t\t\t\t\t\t\t<\/div>\n\t\t\t\t<\/div>\n\t\t\t\t<\/div>\n\t\t\t\t<\/div>\n\t\t\t\t\t<\/div>\n\t\t\t\t<\/div>\n\t\t<div class=\"elementor-element elementor-element-dede381 e-flex e-con-boxed e-con e-parent\" data-id=\"dede381\" data-element_type=\"container\" data-e-type=\"container\">\n\t\t\t\t\t<div class=\"e-con-inner\">\n\t\t\t\t<div class=\"elementor-element elementor-element-64601cb elementor-widget elementor-widget-menu-anchor\" data-id=\"64601cb\" data-element_type=\"widget\" data-e-type=\"widget\" data-widget_type=\"menu-anchor.default\">\n\t\t\t\t<div class=\"elementor-widget-container\">\n\t\t\t\t\t\t\t<div class=\"elementor-menu-anchor\" id=\"adr\"><\/div>\n\t\t\t\t\t\t<\/div>\n\t\t\t\t<\/div>\n\t\t\t\t<div class=\"elementor-element elementor-element-becee4a elementor-widget elementor-widget-heading\" data-id=\"becee4a\" data-element_type=\"widget\" data-e-type=\"widget\" data-widget_type=\"heading.default\">\n\t\t\t\t<div class=\"elementor-widget-container\">\n\t\t\t\t\t<h3 class=\"elementor-heading-title elementor-size-default\">R\u00c8GLEMENT ALTERNATIF DES DIFF\u00c9RENDS (ADR) - <i>\u201cOn ne peut pas se serrer la main avec le poing ferm\u00e9\u201d<\/i><\/h3>\t\t\t\t<\/div>\n\t\t\t\t<\/div>\n\t\t\t\t<div class=\"elementor-element elementor-element-7d42215 elementor-widget elementor-widget-text-editor\" data-id=\"7d42215\" data-element_type=\"widget\" data-e-type=\"widget\" data-widget_type=\"text-editor.default\">\n\t\t\t\t<div class=\"elementor-widget-container\">\n\t\t\t\t\t\t\t\t\t<p><strong>ADR<br \/><\/strong>Le r\u00e8glement alternatif des diff\u00e9rends (ADR) d\u00e9signe l\u2019ensemble des proc\u00e9dures par lesquelles un tiers neutre assiste les parties dans la r\u00e9solution de leurs diff\u00e9rends en dehors du contentieux judiciaire classique. L\u2019ADR regroupe notamment la n\u00e9gociation, la m\u00e9diation, l\u2019adjudication, l\u2019arbitrage et d\u2019autres m\u00e9canismes visant \u00e0 assurer une r\u00e9solution efficace et pragmatique des conflits.<\/p><p><strong>Adjudication en mati\u00e8re de construction<br \/><\/strong>L\u2019adjudication est un processus l\u00e9gal ou contractuel permettant un r\u00e8glement rapide et ex\u00e9cutoire \u00e0 titre provisoire des diff\u00e9rends survenant dans le cadre de projets de construction. Un adjudicateur ind\u00e9pendant est d\u00e9sign\u00e9 pour examiner les faits, arguments et preuves et rendre une d\u00e9cision motiv\u00e9e, obligatoire \u00e0 titre int\u00e9rimaire. L\u2019objectif est d\u2019assurer la continuit\u00e9 des paiements et de l\u2019avancement du chantier, sans pr\u00e9judice du recours ult\u00e9rieur \u00e0 l\u2019arbitrage ou au contentieux judiciaire pour une d\u00e9cision d\u00e9finitive.<\/p><p><strong>Arbitrage<\/strong><br \/>L\u2019arbitrage constitue une alternative largement utilis\u00e9e au contentieux judiciaire dans les litiges commerciaux et sociaux. Il offre une proc\u00e9dure structur\u00e9e mais moins formaliste que celle des tribunaux, tout en garantissant la force ex\u00e9cutoire des d\u00e9cisions. L\u2019arbitre ou le tribunal arbitral statue sur la base des preuves et du droit applicable. L\u2019arbitrage peut \u00eatre contraignant ou non, et s\u2019exerce soit selon les r\u00e8gles institutionnelles (CCI, LCIA, R\u00e8gles suisses, etc.), soit sur une base ad hoc.<\/p><p><strong>Proc\u00e9dure de r\u00e9f\u00e9r\u00e9<br \/><\/strong>La proc\u00e9dure de r\u00e9f\u00e9r\u00e9 implique la d\u00e9signation d\u2019un expert ind\u00e9pendant ou d\u2019un panel (g\u00e9n\u00e9ralement un \u00e0 trois membres) charg\u00e9 d\u2019examiner les faits d\u2019une r\u00e9clamation ou d\u2019un diff\u00e9rend. Le r\u00e9f\u00e9r\u00e9 rend une d\u00e9cision provisoire ou contraignante, selon l\u2019accord des parties, en stricte conformit\u00e9 contractuelle. Ce m\u00e9canisme offre une \u00e9valuation rapide et autoritative, sans les d\u00e9lais inh\u00e9rents \u00e0 un arbitrage complet ou \u00e0 une proc\u00e9dure judiciaire.<\/p><p><strong>M\u00e9diation<\/strong><br \/>La m\u00e9diation est un processus volontaire et confidentiel dans lequel un m\u00e9diateur neutre facilite les n\u00e9gociations entre les parties afin de parvenir \u00e0 un accord amiable. Dans la m\u00e9diation \u00e9valuative, le m\u00e9diateur peut donner une appr\u00e9ciation des positions respectives et des issues probables d\u2019une proc\u00e9dure judiciaire ou arbitrale. Dans la m\u00e9diation facilitatrice, le m\u00e9diateur se concentre sur le dialogue et accompagne les parties vers leur propre solution. La m\u00e9diation est particuli\u00e8rement adapt\u00e9e pour pr\u00e9server les relations d\u2019affaires et r\u00e9soudre les litiges de mani\u00e8re rapide et \u00e9conomique.<\/p>\t\t\t\t\t\t\t\t<\/div>\n\t\t\t\t<\/div>\n\t\t\t\t<div class=\"elementor-element elementor-element-1902b05 elementor-align-center elementor-mobile-align-justify elementor-widget elementor-widget-button\" data-id=\"1902b05\" data-element_type=\"widget\" data-e-type=\"widget\" data-widget_type=\"button.default\">\n\t\t\t\t<div class=\"elementor-widget-container\">\n\t\t\t\t\t\t\t\t\t<div class=\"elementor-button-wrapper\">\n\t\t\t\t\t<a class=\"elementor-button elementor-button-link elementor-size-sm\" href=\"https:\/\/mortazavi-inc.ca\/fr\/about-us\/#affiliations\">\n\t\t\t\t\t\t<span class=\"elementor-button-content-wrapper\">\n\t\t\t\t\t\t\t\t\t<span class=\"elementor-button-text\">Voir les affiliations<\/span>\n\t\t\t\t\t<\/span>\n\t\t\t\t\t<\/a>\n\t\t\t\t<\/div>\n\t\t\t\t\t\t\t\t<\/div>\n\t\t\t\t<\/div>\n\t\t\t\t\t<\/div>\n\t\t\t\t<\/div>\n\t\t<div class=\"elementor-element elementor-element-66cde47 e-flex e-con-boxed e-con e-parent\" data-id=\"66cde47\" data-element_type=\"container\" data-e-type=\"container\" data-settings=\"{&quot;background_background&quot;:&quot;classic&quot;}\">\n\t\t\t\t\t<div class=\"e-con-inner\">\n\t\t\t\t<div class=\"elementor-element elementor-element-f050a8a elementor-widget elementor-widget-menu-anchor\" data-id=\"f050a8a\" data-element_type=\"widget\" data-e-type=\"widget\" data-widget_type=\"menu-anchor.default\">\n\t\t\t\t<div class=\"elementor-widget-container\">\n\t\t\t\t\t\t\t<div class=\"elementor-menu-anchor\" id=\"construction\"><\/div>\n\t\t\t\t\t\t<\/div>\n\t\t\t\t<\/div>\n\t\t\t\t<div class=\"elementor-element elementor-element-8d65183 elementor-widget elementor-widget-heading\" data-id=\"8d65183\" data-element_type=\"widget\" data-e-type=\"widget\" data-widget_type=\"heading.default\">\n\t\t\t\t<div class=\"elementor-widget-container\">\n\t\t\t\t\t<h3 class=\"elementor-heading-title elementor-size-default\">Conseil en \u0421onstruction - <i>\u201cNotre expertise fait la diff\u00e9rence\u201c<\/i><\/h3>\t\t\t\t<\/div>\n\t\t\t\t<\/div>\n\t\t\t\t<div class=\"elementor-element elementor-element-a437b7b elementor-widget elementor-widget-text-editor\" data-id=\"a437b7b\" data-element_type=\"widget\" data-e-type=\"widget\" data-widget_type=\"text-editor.default\">\n\t\t\t\t<div class=\"elementor-widget-container\">\n\t\t\t\t\t\t\t\t\t<p><strong>Conseil en \u0421onstruction<\/strong><\/p><ul><li>Services de repr\u00e9sentation du ma\u00eetre d\u2019ouvrage et conseil strat\u00e9gique<\/li><li>R\u00e9daction de dossiers d\u2019appel d\u2019offres et assistance \u00e0 la passation des march\u00e9s<\/li><li>Analyse et strat\u00e9gie d\u2019approvisionnement en construction<\/li><li>Revue technique et coordination (phase pr\u00e9-appel d\u2019offres)<\/li><li>\u00c9laboration des cahiers des charges pour les entrepreneurs sp\u00e9cialis\u00e9s<\/li><li>Examen et approbation des demandes de paiement (progress claims)<\/li><li>Analyse et revue des contrats et r\u00e9clamations (projets de construction)<\/li><li>N\u00e9gociation et r\u00e9daction contractuelles<\/li><li>Contr\u00f4les de conformit\u00e9 et inspections qualit\u00e9 des travaux<\/li><li>\u00c9valuation des malfa\u00e7ons et d\u00e9finition de strat\u00e9gies correctives<\/li><li>R\u00e9daction et formalisation contractuelles<\/li><\/ul>\t\t\t\t\t\t\t\t<\/div>\n\t\t\t\t<\/div>\n\t\t\t\t<div class=\"elementor-element elementor-element-627caa9 elementor-align-center elementor-mobile-align-justify elementor-widget elementor-widget-button\" data-id=\"627caa9\" data-element_type=\"widget\" data-e-type=\"widget\" data-widget_type=\"button.default\">\n\t\t\t\t<div class=\"elementor-widget-container\">\n\t\t\t\t\t\t\t\t\t<div class=\"elementor-button-wrapper\">\n\t\t\t\t\t<a class=\"elementor-button elementor-button-link elementor-size-sm\" href=\"\/fr\/about-us\/\">\n\t\t\t\t\t\t<span class=\"elementor-button-content-wrapper\">\n\t\t\t\t\t\t\t\t\t<span class=\"elementor-button-text\">Voir les affiliations<\/span>\n\t\t\t\t\t<\/span>\n\t\t\t\t\t<\/a>\n\t\t\t\t<\/div>\n\t\t\t\t\t\t\t\t<\/div>\n\t\t\t\t<\/div>\n\t\t\t\t\t<\/div>\n\t\t\t\t<\/div>\n\t\t<div class=\"elementor-element elementor-element-f7883ad e-flex e-con-boxed e-con e-parent\" data-id=\"f7883ad\" data-element_type=\"container\" data-e-type=\"container\">\n\t\t\t\t\t<div class=\"e-con-inner\">\n\t\t\t\t<div class=\"elementor-element elementor-element-4ed45af elementor-widget elementor-widget-menu-anchor\" data-id=\"4ed45af\" data-element_type=\"widget\" data-e-type=\"widget\" data-widget_type=\"menu-anchor.default\">\n\t\t\t\t<div class=\"elementor-widget-container\">\n\t\t\t\t\t\t\t<div class=\"elementor-menu-anchor\" id=\"pm\"><\/div>\n\t\t\t\t\t\t<\/div>\n\t\t\t\t<\/div>\n\t\t\t\t<div class=\"elementor-element elementor-element-da69c0c elementor-widget elementor-widget-heading\" data-id=\"da69c0c\" data-element_type=\"widget\" data-e-type=\"widget\" data-widget_type=\"heading.default\">\n\t\t\t\t<div class=\"elementor-widget-container\">\n\t\t\t\t\t<h3 class=\"elementor-heading-title elementor-size-default\">Gestion de projet - <i>\"Assurer la coh\u00e9rence et la qualit\u00e9 dans l\u2019ex\u00e9cution des projets\"<\/i><\/h3>\t\t\t\t<\/div>\n\t\t\t\t<\/div>\n\t\t\t\t<div class=\"elementor-element elementor-element-e1b170e elementor-widget elementor-widget-text-editor\" data-id=\"e1b170e\" data-element_type=\"widget\" data-e-type=\"widget\" data-widget_type=\"text-editor.default\">\n\t\t\t\t<div class=\"elementor-widget-container\">\n\t\t\t\t\t\t\t\t\t<p><strong>Services et conseil en gestion de projet<\/strong><\/p><ul><li>Gestion du cycle de vie du projet (de l\u2019initiation \u00e0 la cl\u00f4ture)<\/li><li>\u00c9laboration des sp\u00e9cifications de conception<\/li><li>Passation de contrats de conseil et analyse des prestations<\/li><li>Coordination et gestion des \u00e9quipes de conception<\/li><li>Conseil en demandes d\u2019autorisations d\u2019urbanisme et permis<\/li><li>Revue technique et analyse de faisabilit\u00e9<\/li><li>Ing\u00e9nierie de la valeur et contr\u00f4le budg\u00e9taire<\/li><li>Suivi op\u00e9rationnel et gestion de la phase de construction<\/li><\/ul>\t\t\t\t\t\t\t\t<\/div>\n\t\t\t\t<\/div>\n\t\t\t\t<div class=\"elementor-element elementor-element-b65ba11 elementor-align-center elementor-mobile-align-justify elementor-widget elementor-widget-button\" data-id=\"b65ba11\" data-element_type=\"widget\" data-e-type=\"widget\" data-widget_type=\"button.default\">\n\t\t\t\t<div class=\"elementor-widget-container\">\n\t\t\t\t\t\t\t\t\t<div class=\"elementor-button-wrapper\">\n\t\t\t\t\t<a class=\"elementor-button elementor-button-link elementor-size-sm\" href=\"\/fr\/portfolio\/\">\n\t\t\t\t\t\t<span class=\"elementor-button-content-wrapper\">\n\t\t\t\t\t\t\t\t\t<span class=\"elementor-button-text\">Voir les projets<\/span>\n\t\t\t\t\t<\/span>\n\t\t\t\t\t<\/a>\n\t\t\t\t<\/div>\n\t\t\t\t\t\t\t\t<\/div>\n\t\t\t\t<\/div>\n\t\t\t\t\t<\/div>\n\t\t\t\t<\/div>\n\t\t\t\t<\/div>","protected":false},"excerpt":{"rendered":"<p>Our Services What We Do Comprehensive construction consulting services designed to minimize risk, resolve disputes efficiently, and deliver successful project outcomes. ADR &amp; Litigation Support Resolve disputes through adjudication, arbitration, mediation, and litigation support without lengthy and costly court battles. Expert guidance through Construction Adjudication Act processes. Learn More Construction Consultancy Proactively identify and manage [&hellip;]<\/p>\n","protected":false},"author":1,"featured_media":0,"parent":0,"menu_order":0,"comment_status":"closed","ping_status":"closed","template":"elementor_header_footer","meta":{"footnotes":""},"class_list":["post-16","page","type-page","status-publish","hentry"],"_links":{"self":[{"href":"https:\/\/mortazavi-inc.ca\/fr\/wp-json\/wp\/v2\/pages\/16","targetHints":{"allow":["GET"]}}],"collection":[{"href":"https:\/\/mortazavi-inc.ca\/fr\/wp-json\/wp\/v2\/pages"}],"about":[{"href":"https:\/\/mortazavi-inc.ca\/fr\/wp-json\/wp\/v2\/types\/page"}],"author":[{"embeddable":true,"href":"https:\/\/mortazavi-inc.ca\/fr\/wp-json\/wp\/v2\/users\/1"}],"replies":[{"embeddable":true,"href":"https:\/\/mortazavi-inc.ca\/fr\/wp-json\/wp\/v2\/comments?post=16"}],"version-history":[{"count":103,"href":"https:\/\/mortazavi-inc.ca\/fr\/wp-json\/wp\/v2\/pages\/16\/revisions"}],"predecessor-version":[{"id":1533,"href":"https:\/\/mortazavi-inc.ca\/fr\/wp-json\/wp\/v2\/pages\/16\/revisions\/1533"}],"wp:attachment":[{"href":"https:\/\/mortazavi-inc.ca\/fr\/wp-json\/wp\/v2\/media?parent=16"}],"curies":[{"name":"wp","href":"https:\/\/api.w.org\/{rel}","templated":true}]}}